{"id":171461,"date":"2015-12-22T11:57:24","date_gmt":"2015-12-22T11:57:24","guid":{"rendered":"https:\/\/staging.laplanetedesenfants.com\/product\/ensemble-bonnet-gants-minions\/"},"modified":"2015-12-22T11:57:24","modified_gmt":"2015-12-22T11:57:24","slug":"ensemble-bonnet-gants-minions","status":"publish","type":"product","link":"https:\/\/staging.laplanetedesenfants.com\/de\/produit\/ensemble-bonnet-gants-minions\/","title":{"rendered":"Ensemble Bonnet \/ Gants Minions"},"content":{"rendered":"<p>Ensemble Bonnet Gants Minions. L&#8217;image au devant du bonnet est cousue ce qui garantie une tenue parfaite tout au long de son utilisation. Pour les gants l&#8217;image du h\u00e9ros est imprim\u00e9e. Motifs ray\u00e9s et tricolore. Taille unique. Mati\u00e8re: 100% acrylique. Entretien: Lavage \u00e0 40\u00b0C.<\/p>\n","protected":false},"excerpt":{"rendered":"<p>Ensemble Bonnet Gants Minions. L&#8217;image au devant du bonnet est brod\u00e9e ce qui garantie une tenue parfaite tout au long de son utilisation. Pour les gants l&#8217;image du h\u00e9ros est imprim\u00e9e. Motifs ray\u00e9s et tricolore. Taille unique. Mati\u00e8re: 100% acrylique. Entretien: Lavage \u00e0 40\u00b0C.<\/p>\n","protected":false},"featured_media":171421,"template":"","meta":[],"product_brand":[],"product_cat":[13506,13650,13701,13548,13527,13485,13488],"product_tag":[],"class_list":{"0":"post-171461","1":"product","2":"type-product","3":"status-publish","4":"has-post-thumbnail","6":"product_cat-alle-produkte-de","7":"product_cat-bonnets-cagoules-de","8":"product_cat-echarpes-gants-bonnets-de","9":"product_cat-herbst-winter-ausverkauf-2023-de","10":"product_cat-jungen-de","11":"product_cat-accueil-de","12":"product_cat-accessoires-de","13":"pa_couleur-blau-de","14":"pa_couleur-marine-de","15":"pa_couleur-rot-de","16":"pa_genre-garcon-de","18":"first","19":"instock","20":"shipping-taxable","21":"purchasable","22":"product-type-variable","23":"has-default-attributes"},"_links":{"self":[{"href":"https:\/\/staging.laplanetedesenfants.com\/de\/wp-json\/wp\/v2\/product\/171461","targetHints":{"allow":["GET"]}}],"collection":[{"href":"https:\/\/staging.laplanetedesenfants.com\/de\/wp-json\/wp\/v2\/product"}],"about":[{"href":"https:\/\/staging.laplanetedesenfants.com\/de\/wp-json\/wp\/v2\/types\/product"}],"version-history":[{"count":0,"href":"https:\/\/staging.laplanetedesenfants.com\/de\/wp-json\/wp\/v2\/product\/171461\/revisions"}],"wp:featuredmedia":[{"embeddable":true,"href":"https:\/\/staging.laplanetedesenfants.com\/de\/wp-json\/wp\/v2\/media\/171421"}],"wp:attachment":[{"href":"https:\/\/staging.laplanetedesenfants.com\/de\/wp-json\/wp\/v2\/media?parent=171461"}],"wp:term":[{"taxonomy":"product_brand","embeddable":true,"href":"https:\/\/staging.laplanetedesenfants.com\/de\/wp-json\/wp\/v2\/product_brand?post=171461"},{"taxonomy":"product_cat","embeddable":true,"href":"https:\/\/staging.laplanetedesenfants.com\/de\/wp-json\/wp\/v2\/product_cat?post=171461"},{"taxonomy":"product_tag","embeddable":true,"href":"https:\/\/staging.laplanetedesenfants.com\/de\/wp-json\/wp\/v2\/product_tag?post=171461"}],"curies":[{"name":"wp","href":"https:\/\/api.w.org\/{rel}","templated":true}]}}