{"id":171576,"date":"2015-12-22T11:58:10","date_gmt":"2015-12-22T11:58:10","guid":{"rendered":"https:\/\/staging.laplanetedesenfants.com\/product\/cache-cou-minions\/"},"modified":"2015-12-22T11:58:10","modified_gmt":"2015-12-22T11:58:10","slug":"cache-cou-minions","status":"publish","type":"product","link":"https:\/\/staging.laplanetedesenfants.com\/de\/produit\/cache-cou-minions\/","title":{"rendered":"Cache Cou Minions"},"content":{"rendered":"<p>Cache cou Minions doublure micro polaire doux et chaud. Imprim\u00e9 entierement. Mati\u00e8re: 100% polyester. Entretien: lavage \u00e0 40 \u00b0C.<\/p>\n","protected":false},"excerpt":{"rendered":"<p>Cache cou Minions doublure micro polaire doux et chaud. Imprim\u00e9 entierement. Mati\u00e8re: 100% polyester. Entretien: lavage \u00e0 40 \u00b0C.<\/p>\n","protected":false},"featured_media":171545,"template":"","meta":[],"product_brand":[],"product_cat":[13506,13716,13548,13527,13485,13500,13488],"product_tag":[],"class_list":{"0":"post-171576","1":"product","2":"type-product","3":"status-publish","4":"has-post-thumbnail","6":"product_cat-alle-produkte-de","7":"product_cat-cache-oreilles-cache-cou-de","8":"product_cat-herbst-winter-ausverkauf-2023-de","9":"product_cat-jungen-de","10":"product_cat-accueil-de","11":"product_cat-weniger-als-5-de","12":"product_cat-accessoires-de","13":"pa_couleur-blau-de","14":"pa_couleur-ciel-de","15":"pa_genre-garcon-de","17":"first","18":"instock","19":"sale","20":"shipping-taxable","21":"purchasable","22":"product-type-variable","23":"has-default-attributes"},"_links":{"self":[{"href":"https:\/\/staging.laplanetedesenfants.com\/de\/wp-json\/wp\/v2\/product\/171576","targetHints":{"allow":["GET"]}}],"collection":[{"href":"https:\/\/staging.laplanetedesenfants.com\/de\/wp-json\/wp\/v2\/product"}],"about":[{"href":"https:\/\/staging.laplanetedesenfants.com\/de\/wp-json\/wp\/v2\/types\/product"}],"version-history":[{"count":0,"href":"https:\/\/staging.laplanetedesenfants.com\/de\/wp-json\/wp\/v2\/product\/171576\/revisions"}],"wp:featuredmedia":[{"embeddable":true,"href":"https:\/\/staging.laplanetedesenfants.com\/de\/wp-json\/wp\/v2\/media\/171545"}],"wp:attachment":[{"href":"https:\/\/staging.laplanetedesenfants.com\/de\/wp-json\/wp\/v2\/media?parent=171576"}],"wp:term":[{"taxonomy":"product_brand","embeddable":true,"href":"https:\/\/staging.laplanetedesenfants.com\/de\/wp-json\/wp\/v2\/product_brand?post=171576"},{"taxonomy":"product_cat","embeddable":true,"href":"https:\/\/staging.laplanetedesenfants.com\/de\/wp-json\/wp\/v2\/product_cat?post=171576"},{"taxonomy":"product_tag","embeddable":true,"href":"https:\/\/staging.laplanetedesenfants.com\/de\/wp-json\/wp\/v2\/product_tag?post=171576"}],"curies":[{"name":"wp","href":"https:\/\/api.w.org\/{rel}","templated":true}]}}