{"id":183302,"date":"2016-01-04T13:17:02","date_gmt":"2016-01-04T13:17:02","guid":{"rendered":"https:\/\/staging.laplanetedesenfants.com\/product\/sac-a-dos-spiderman-2\/"},"modified":"2016-01-04T13:17:02","modified_gmt":"2016-01-04T13:17:02","slug":"sac-a-dos-spiderman-2","status":"publish","type":"product","link":"https:\/\/staging.laplanetedesenfants.com\/de\/produit\/sac-a-dos-spiderman-2\/","title":{"rendered":"Sac \u00e0 Dos Spiderman 46 cm"},"content":{"rendered":"<p>Sac \u00e0 dos Spider-man 46 cm qualit\u00e9 sup\u00e9rieure Fait de mat\u00e9riaux imperm\u00e9ables de haute qualit\u00e9, profil\u00e9e arri\u00e8re fini maille anti-transpirant, des bretelles r\u00e9glables larges souples, deux poches lat\u00e9rales en filet pour bouteille d&#8217;eau, un sac \u00e0 dos \u00e9quip\u00e9 de r\u00e9flecteurs, d\u00e9cor\u00e9es avec le personnage de Mickey, bonne finition et des mat\u00e9riaux de haute qualit\u00e9. &#8211; 3 compartiments zipp\u00e9 profond &#8211; 2 poches lat\u00e9rales &#8211; poign\u00e9es et bretelles renforc\u00e9es pour un meilleur maintien &#8211; Dimensions: Hauteur 46.5 cm, largeur 32 cm, profondeur 15 cm<\/p>\n","protected":false},"excerpt":{"rendered":"<p>Sac \u00e0 dos Spider-man 46 cm qualit\u00e9 sup\u00e9rieure<\/p>\n","protected":false},"featured_media":183296,"template":"","meta":[],"product_brand":[],"product_cat":[13506,13575,13494,13485],"product_tag":[],"class_list":{"0":"post-183302","1":"product","2":"type-product","3":"status-publish","4":"has-post-thumbnail","6":"product_cat-alle-produkte-de","7":"product_cat-sacs-a-dos-de","8":"product_cat-schule-de","9":"product_cat-accueil-de","10":"pa_genre-garcon-de","12":"first","13":"instock","14":"sale","15":"shipping-taxable","16":"purchasable","17":"product-type-simple"},"_links":{"self":[{"href":"https:\/\/staging.laplanetedesenfants.com\/de\/wp-json\/wp\/v2\/product\/183302","targetHints":{"allow":["GET"]}}],"collection":[{"href":"https:\/\/staging.laplanetedesenfants.com\/de\/wp-json\/wp\/v2\/product"}],"about":[{"href":"https:\/\/staging.laplanetedesenfants.com\/de\/wp-json\/wp\/v2\/types\/product"}],"version-history":[{"count":0,"href":"https:\/\/staging.laplanetedesenfants.com\/de\/wp-json\/wp\/v2\/product\/183302\/revisions"}],"wp:featuredmedia":[{"embeddable":true,"href":"https:\/\/staging.laplanetedesenfants.com\/de\/wp-json\/wp\/v2\/media\/183296"}],"wp:attachment":[{"href":"https:\/\/staging.laplanetedesenfants.com\/de\/wp-json\/wp\/v2\/media?parent=183302"}],"wp:term":[{"taxonomy":"product_brand","embeddable":true,"href":"https:\/\/staging.laplanetedesenfants.com\/de\/wp-json\/wp\/v2\/product_brand?post=183302"},{"taxonomy":"product_cat","embeddable":true,"href":"https:\/\/staging.laplanetedesenfants.com\/de\/wp-json\/wp\/v2\/product_cat?post=183302"},{"taxonomy":"product_tag","embeddable":true,"href":"https:\/\/staging.laplanetedesenfants.com\/de\/wp-json\/wp\/v2\/product_tag?post=183302"}],"curies":[{"name":"wp","href":"https:\/\/api.w.org\/{rel}","templated":true}]}}