{"id":214812,"date":"2016-06-17T16:27:25","date_gmt":"2016-06-17T16:27:25","guid":{"rendered":"https:\/\/staging.laplanetedesenfants.com\/product\/tongs-minions\/"},"modified":"2016-06-17T16:27:25","modified_gmt":"2016-06-17T16:27:25","slug":"tongs-minions","status":"publish","type":"product","link":"https:\/\/staging.laplanetedesenfants.com\/de\/produit\/tongs-minions\/","title":{"rendered":"Tongs Minions"},"content":{"rendered":"<p>La Plan\u00e8te des Enfants vous propose ces <span style=\"text-decoration:underline;\"><strong>Tongs Minions <\/strong><\/span>synth\u00e9tique. Mati\u00e8re 100% PVC. Couleurs contrastantes. Entretien: Nettoyer \u00e0 la main avec une lingette.<\/p>\n","protected":false},"excerpt":{"rendered":"<p>La Plan\u00e8te des Enfants vous propose ces <span style=\"text-decoration:underline;\"><strong>Tongs Minions <\/strong><\/span>synth\u00e9tique. Mati\u00e8re 100% PVC. Couleurs contrastantes. Entretien: Nettoyer \u00e0 la main avec une lingette.<\/p>\n","protected":false},"featured_media":214693,"template":"","meta":[],"product_brand":[],"product_cat":[13725,13545,13527,13536,13521,13485,13512,13503,13488],"product_tag":[],"class_list":{"0":"post-214812","1":"product","2":"type-product","3":"status-publish","4":"has-post-thumbnail","6":"product_cat-chaussons-tongs-bottes-de-pluie-de","7":"product_cat-fruhling-2024-de","8":"product_cat-jungen-de","9":"product_cat-promos-de","10":"product_cat-sommer-de","11":"product_cat-accueil-de","12":"product_cat-strand-de","13":"product_cat-was-ist-neu-de","14":"product_cat-accessoires-de","15":"pa_couleur-gelb-de","16":"pa_couleur-rot-de","17":"pa_genre-garcon-de","18":"pa_taille-26_27-de","19":"pa_taille-28_29-de","20":"pa_taille-30_31-de","21":"pa_taille-32_33-de","22":"pa_taille-34_35-de","24":"first","25":"instock","26":"sale","27":"shipping-taxable","28":"purchasable","29":"product-type-variable","30":"has-default-attributes"},"_links":{"self":[{"href":"https:\/\/staging.laplanetedesenfants.com\/de\/wp-json\/wp\/v2\/product\/214812","targetHints":{"allow":["GET"]}}],"collection":[{"href":"https:\/\/staging.laplanetedesenfants.com\/de\/wp-json\/wp\/v2\/product"}],"about":[{"href":"https:\/\/staging.laplanetedesenfants.com\/de\/wp-json\/wp\/v2\/types\/product"}],"version-history":[{"count":0,"href":"https:\/\/staging.laplanetedesenfants.com\/de\/wp-json\/wp\/v2\/product\/214812\/revisions"}],"wp:featuredmedia":[{"embeddable":true,"href":"https:\/\/staging.laplanetedesenfants.com\/de\/wp-json\/wp\/v2\/media\/214693"}],"wp:attachment":[{"href":"https:\/\/staging.laplanetedesenfants.com\/de\/wp-json\/wp\/v2\/media?parent=214812"}],"wp:term":[{"taxonomy":"product_brand","embeddable":true,"href":"https:\/\/staging.laplanetedesenfants.com\/de\/wp-json\/wp\/v2\/product_brand?post=214812"},{"taxonomy":"product_cat","embeddable":true,"href":"https:\/\/staging.laplanetedesenfants.com\/de\/wp-json\/wp\/v2\/product_cat?post=214812"},{"taxonomy":"product_tag","embeddable":true,"href":"https:\/\/staging.laplanetedesenfants.com\/de\/wp-json\/wp\/v2\/product_tag?post=214812"}],"curies":[{"name":"wp","href":"https:\/\/api.w.org\/{rel}","templated":true}]}}