{"id":251372,"date":"2017-03-15T17:30:25","date_gmt":"2017-03-15T17:30:25","guid":{"rendered":"https:\/\/staging.laplanetedesenfants.com\/product\/casquette-soy-luna-disney-2\/"},"modified":"2017-03-15T17:30:25","modified_gmt":"2017-03-15T17:30:25","slug":"casquette-soy-luna-disney-2","status":"publish","type":"product","link":"https:\/\/staging.laplanetedesenfants.com\/de\/produit\/casquette-soy-luna-disney-2\/","title":{"rendered":"Casquette Soy Luna Disney"},"content":{"rendered":"<p>La Plan\u00e8te des Enfants vous propose cette <span style=\"text-decoration:underline;\"><strong>Casquette Soy Luna Disney.<\/strong><\/span> R\u00e9glable par scratch. Image imprim\u00e9e devant et sur la visi\u00e8re. Tr\u00e8s l\u00e9g\u00e8re et prot\u00e8ge du soleil.<br \/> Mati\u00e8re:\u00a0 60% coton et 40% polyester.<br \/> Entretien: Lavage \u00e0 la main.<\/p>\n","protected":false},"excerpt":{"rendered":"<p>La Plan\u00e8te des Enfants vous propose cette <span style=\"text-decoration:underline;\"><strong>Casquette Soy Luna Disney.<\/strong><\/span> R\u00e9glable par scratch. Image imprim\u00e9e devant et sur la visi\u00e8re. Tr\u00e8s l\u00e9g\u00e8re et prot\u00e8ge du soleil.<br \/> Mati\u00e8re:\u00a0 60% coton et 40% polyester.<br \/> Entretien: Lavage \u00e0 la main.<\/p>\n","protected":false},"featured_media":251289,"template":"","meta":[],"product_brand":[],"product_cat":[13617,13542,13485,13503,13488],"product_tag":[],"class_list":{"0":"post-251372","1":"product","2":"type-product","3":"status-publish","4":"has-post-thumbnail","6":"product_cat-casquettes-bobs-de","7":"product_cat-neue-madchenkollektion-de","8":"product_cat-accueil-de","9":"product_cat-was-ist-neu-de","10":"product_cat-accessoires-de","11":"pa_couleur-fuchsia-de","12":"pa_couleur-pink-de","13":"pa_couleur-violet-de","14":"pa_genre-fille-de","15":"pa_taille-54-de","16":"pa_taille-56-de","18":"first","19":"instock","20":"sale","21":"shipping-taxable","22":"purchasable","23":"product-type-variable","24":"has-default-attributes"},"_links":{"self":[{"href":"https:\/\/staging.laplanetedesenfants.com\/de\/wp-json\/wp\/v2\/product\/251372","targetHints":{"allow":["GET"]}}],"collection":[{"href":"https:\/\/staging.laplanetedesenfants.com\/de\/wp-json\/wp\/v2\/product"}],"about":[{"href":"https:\/\/staging.laplanetedesenfants.com\/de\/wp-json\/wp\/v2\/types\/product"}],"version-history":[{"count":0,"href":"https:\/\/staging.laplanetedesenfants.com\/de\/wp-json\/wp\/v2\/product\/251372\/revisions"}],"wp:featuredmedia":[{"embeddable":true,"href":"https:\/\/staging.laplanetedesenfants.com\/de\/wp-json\/wp\/v2\/media\/251289"}],"wp:attachment":[{"href":"https:\/\/staging.laplanetedesenfants.com\/de\/wp-json\/wp\/v2\/media?parent=251372"}],"wp:term":[{"taxonomy":"product_brand","embeddable":true,"href":"https:\/\/staging.laplanetedesenfants.com\/de\/wp-json\/wp\/v2\/product_brand?post=251372"},{"taxonomy":"product_cat","embeddable":true,"href":"https:\/\/staging.laplanetedesenfants.com\/de\/wp-json\/wp\/v2\/product_cat?post=251372"},{"taxonomy":"product_tag","embeddable":true,"href":"https:\/\/staging.laplanetedesenfants.com\/de\/wp-json\/wp\/v2\/product_tag?post=251372"}],"curies":[{"name":"wp","href":"https:\/\/api.w.org\/{rel}","templated":true}]}}