{"id":262860,"date":"2017-06-23T20:17:29","date_gmt":"2017-06-23T20:17:29","guid":{"rendered":"https:\/\/staging.laplanetedesenfants.com\/product\/sac-piscine-winnie-disney-2\/"},"modified":"2017-06-23T20:17:29","modified_gmt":"2017-06-23T20:17:29","slug":"sac-piscine-winnie-disney-2","status":"publish","type":"product","link":"https:\/\/staging.laplanetedesenfants.com\/de\/produit\/sac-piscine-winnie-disney-2\/","title":{"rendered":"Sac Piscine Winnie Disney"},"content":{"rendered":"<p>La Plan\u00e8te des Enfants vous propose ce <span style=\"text-decoration:underline;\"><strong>Sac de piscine Winnie Disney<\/strong><\/span>. Id\u00e9al pour les sorties \u00e0 la piscine comme \u00e0 la plage, ce sac accompagnera votre enfant tout au long de ses activit\u00e9s nautiques. Pratique et peu encombrant, le <span style=\"text-decoration:underline;\"><strong>Sac de piscine Winnie\u00a0<\/strong><\/span>\u00a0permet de ranger serviette et maillot rapidement et efficacement.<br \/> Dimension : 35 X 34 CM<\/p>\n","protected":false},"excerpt":{"rendered":"<p>La Plan\u00e8te des Enfants vous propose ce <span style=\"text-decoration:underline;\"><strong>Sac de piscine Winnie<\/strong><\/span>. Pratique et peu encombrant, le <span style=\"text-decoration:underline;\"><strong>Sac de piscine Winnie<\/strong><\/span>\u00a0permet de ranger serviette et maillot rapidement et efficacement.<br \/> Dimension : 34 X 35 CM<\/p>\n","protected":false},"featured_media":262850,"template":"","meta":[],"product_brand":[],"product_cat":[13506,13608,13494,13509,13485,13512,13503,13500],"product_tag":[],"class_list":{"0":"post-262860","1":"product","2":"type-product","3":"status-publish","4":"has-post-thumbnail","6":"product_cat-alle-produkte-de","7":"product_cat-sacs-besaces-de","8":"product_cat-schule-de","9":"product_cat-sommer-de","10":"product_cat-accueil-de","11":"product_cat-strand-de","12":"product_cat-was-ist-neu-de","13":"product_cat-weniger-als-5-de","14":"pa_genre-garcon-de","15":"pa_hauteurencm-41-de","16":"pa_largeurencm-33-de","18":"first","19":"instock","20":"sale","21":"shipping-taxable","22":"purchasable","23":"product-type-simple"},"_links":{"self":[{"href":"https:\/\/staging.laplanetedesenfants.com\/de\/wp-json\/wp\/v2\/product\/262860","targetHints":{"allow":["GET"]}}],"collection":[{"href":"https:\/\/staging.laplanetedesenfants.com\/de\/wp-json\/wp\/v2\/product"}],"about":[{"href":"https:\/\/staging.laplanetedesenfants.com\/de\/wp-json\/wp\/v2\/types\/product"}],"version-history":[{"count":0,"href":"https:\/\/staging.laplanetedesenfants.com\/de\/wp-json\/wp\/v2\/product\/262860\/revisions"}],"wp:featuredmedia":[{"embeddable":true,"href":"https:\/\/staging.laplanetedesenfants.com\/de\/wp-json\/wp\/v2\/media\/262850"}],"wp:attachment":[{"href":"https:\/\/staging.laplanetedesenfants.com\/de\/wp-json\/wp\/v2\/media?parent=262860"}],"wp:term":[{"taxonomy":"product_brand","embeddable":true,"href":"https:\/\/staging.laplanetedesenfants.com\/de\/wp-json\/wp\/v2\/product_brand?post=262860"},{"taxonomy":"product_cat","embeddable":true,"href":"https:\/\/staging.laplanetedesenfants.com\/de\/wp-json\/wp\/v2\/product_cat?post=262860"},{"taxonomy":"product_tag","embeddable":true,"href":"https:\/\/staging.laplanetedesenfants.com\/de\/wp-json\/wp\/v2\/product_tag?post=262860"}],"curies":[{"name":"wp","href":"https:\/\/api.w.org\/{rel}","templated":true}]}}