{"id":304636,"date":"2019-06-03T13:33:01","date_gmt":"2019-06-03T13:33:01","guid":{"rendered":"https:\/\/staging.laplanetedesenfants.com\/product\/tongs-harry-potter\/"},"modified":"2019-06-03T13:33:01","modified_gmt":"2019-06-03T13:33:01","slug":"tongs-harry-potter","status":"publish","type":"product","link":"https:\/\/staging.laplanetedesenfants.com\/de\/produit\/tongs-harry-potter\/","title":{"rendered":"Tongs Harry Potter"},"content":{"rendered":"<p>La Plan\u00e8te des Enfants vous propose ces <span style=\"text-decoration:underline;\"><strong>Tongs\u00a0 HARRY POTTER\u00a0<\/strong><\/span>synth\u00e9tique. Mati\u00e8re 100% PVC. Couleurs contrastantes. Entretien: Nettoyer \u00e0 la main avec une lingette.<\/p>\n","protected":false},"excerpt":{"rendered":"<p>La Plan\u00e8te des Enfants vous propose ces <span style=\"text-decoration:underline;\"><strong>Tongs\u00a0 \u00a0HARRY POTTER\u00a0<\/strong><\/span>synth\u00e9tique. Mati\u00e8re 100% PVC. Couleurs contrastantes. Entretien: Nettoyer \u00e0 la main avec une lingette.<\/p>\n","protected":false},"featured_media":304568,"template":"","meta":[],"product_brand":[],"product_cat":[13725,13545,13527,13533,13536,13521,13485,13512,13503,13488],"product_tag":[],"class_list":{"0":"post-304636","1":"product","2":"type-product","3":"status-publish","4":"has-post-thumbnail","6":"product_cat-chaussons-tongs-bottes-de-pluie-de","7":"product_cat-fruhling-2024-de","8":"product_cat-jungen-de","9":"product_cat-madchen-de","10":"product_cat-promos-de","11":"product_cat-sommer-de","12":"product_cat-accueil-de","13":"product_cat-strand-de","14":"product_cat-was-ist-neu-de","15":"product_cat-accessoires-de","16":"pa_genre-fille-de","17":"pa_pointure-28_29-de","18":"pa_pointure-30_31-de","19":"pa_pointure-32_33-de","20":"pa_pointure-34_35-de","21":"pa_pointure-36_37-de","23":"first","24":"instock","25":"sale","26":"shipping-taxable","27":"purchasable","28":"product-type-variable","29":"has-default-attributes"},"_links":{"self":[{"href":"https:\/\/staging.laplanetedesenfants.com\/de\/wp-json\/wp\/v2\/product\/304636","targetHints":{"allow":["GET"]}}],"collection":[{"href":"https:\/\/staging.laplanetedesenfants.com\/de\/wp-json\/wp\/v2\/product"}],"about":[{"href":"https:\/\/staging.laplanetedesenfants.com\/de\/wp-json\/wp\/v2\/types\/product"}],"version-history":[{"count":0,"href":"https:\/\/staging.laplanetedesenfants.com\/de\/wp-json\/wp\/v2\/product\/304636\/revisions"}],"wp:featuredmedia":[{"embeddable":true,"href":"https:\/\/staging.laplanetedesenfants.com\/de\/wp-json\/wp\/v2\/media\/304568"}],"wp:attachment":[{"href":"https:\/\/staging.laplanetedesenfants.com\/de\/wp-json\/wp\/v2\/media?parent=304636"}],"wp:term":[{"taxonomy":"product_brand","embeddable":true,"href":"https:\/\/staging.laplanetedesenfants.com\/de\/wp-json\/wp\/v2\/product_brand?post=304636"},{"taxonomy":"product_cat","embeddable":true,"href":"https:\/\/staging.laplanetedesenfants.com\/de\/wp-json\/wp\/v2\/product_cat?post=304636"},{"taxonomy":"product_tag","embeddable":true,"href":"https:\/\/staging.laplanetedesenfants.com\/de\/wp-json\/wp\/v2\/product_tag?post=304636"}],"curies":[{"name":"wp","href":"https:\/\/api.w.org\/{rel}","templated":true}]}}