{"id":313462,"date":"2019-10-31T14:59:14","date_gmt":"2019-10-31T14:59:14","guid":{"rendered":"https:\/\/staging.laplanetedesenfants.com\/product\/casquette-batman-2\/"},"modified":"2019-10-31T14:59:14","modified_gmt":"2019-10-31T14:59:14","slug":"casquette-batman-2","status":"publish","type":"product","link":"https:\/\/staging.laplanetedesenfants.com\/de\/produit\/casquette-batman-2\/","title":{"rendered":"Casquette Batman"},"content":{"rendered":"<p><span>100% Polyester<\/span><\/p>\n","protected":false},"excerpt":{"rendered":"<p>La Plan\u00e8te des Enfants vous propose cette\u00a0<span>Casquette\u00a0Batman<\/span><span style=\"text-decoration:underline;\"><strong>.<\/strong><\/span> R\u00e9glable par sratch. Image imprim\u00e9e devant et sur la visi\u00e8re. Tr\u00e8s l\u00e9g\u00e8re et prot\u00e8ge du soleil.<br \/> Mati\u00e8re: 100% polyester.<br \/> Entretien: Lavage \u00e0 la main.<\/p>\n","protected":false},"featured_media":313407,"template":"","meta":[],"product_brand":[],"product_cat":[13617,13545,13542,13485,13503,13488],"product_tag":[],"class_list":{"0":"post-313462","1":"product","2":"type-product","3":"status-publish","4":"has-post-thumbnail","6":"product_cat-casquettes-bobs-de","7":"product_cat-fruhling-2024-de","8":"product_cat-neue-madchenkollektion-de","9":"product_cat-accueil-de","10":"product_cat-was-ist-neu-de","11":"product_cat-accessoires-de","12":"pa_couleur-grau-de","13":"pa_couleur-schwarz-de","14":"pa_genre-fille-de","15":"pa_taille-56cm-de","16":"pa_taille-58cm-de","18":"first","19":"instock","20":"sale","21":"shipping-taxable","22":"purchasable","23":"product-type-variable","24":"has-default-attributes"},"_links":{"self":[{"href":"https:\/\/staging.laplanetedesenfants.com\/de\/wp-json\/wp\/v2\/product\/313462","targetHints":{"allow":["GET"]}}],"collection":[{"href":"https:\/\/staging.laplanetedesenfants.com\/de\/wp-json\/wp\/v2\/product"}],"about":[{"href":"https:\/\/staging.laplanetedesenfants.com\/de\/wp-json\/wp\/v2\/types\/product"}],"version-history":[{"count":0,"href":"https:\/\/staging.laplanetedesenfants.com\/de\/wp-json\/wp\/v2\/product\/313462\/revisions"}],"wp:featuredmedia":[{"embeddable":true,"href":"https:\/\/staging.laplanetedesenfants.com\/de\/wp-json\/wp\/v2\/media\/313407"}],"wp:attachment":[{"href":"https:\/\/staging.laplanetedesenfants.com\/de\/wp-json\/wp\/v2\/media?parent=313462"}],"wp:term":[{"taxonomy":"product_brand","embeddable":true,"href":"https:\/\/staging.laplanetedesenfants.com\/de\/wp-json\/wp\/v2\/product_brand?post=313462"},{"taxonomy":"product_cat","embeddable":true,"href":"https:\/\/staging.laplanetedesenfants.com\/de\/wp-json\/wp\/v2\/product_cat?post=313462"},{"taxonomy":"product_tag","embeddable":true,"href":"https:\/\/staging.laplanetedesenfants.com\/de\/wp-json\/wp\/v2\/product_tag?post=313462"}],"curies":[{"name":"wp","href":"https:\/\/api.w.org\/{rel}","templated":true}]}}