{"id":315325,"date":"2020-02-05T11:32:32","date_gmt":"2020-02-05T11:32:32","guid":{"rendered":"https:\/\/staging.laplanetedesenfants.com\/product\/ensemble-jogging-harry-potter-2\/"},"modified":"2020-02-05T11:32:32","modified_gmt":"2020-02-05T11:32:32","slug":"ensemble-jogging-harry-potter-2","status":"publish","type":"product","link":"https:\/\/staging.laplanetedesenfants.com\/de\/produit\/ensemble-jogging-harry-potter-2\/","title":{"rendered":"Ensemble Jogging Harry Potter"},"content":{"rendered":"<\/p>\n<p>Mati\u00e8re: 100% polyester.<\/p>\n<p>Entretien: Lavage \u00e0 40 \u00b0C.<\/p><\/p>\n","protected":false},"excerpt":{"rendered":"<p>La Plan\u00e8te des Enfants vous propose cet<strong><span>\u00a0Ensemble Harry Potter<\/span><\/strong>. Le Sweat zipp\u00e9 de cet\u00a0<span><strong>Ensemble Jogging Harry potter<\/strong><\/span> est de couleurs contrast\u00e9e avec l&#8217; image du h\u00e9ros devant. Couleurs contrastantes et ray\u00e9es sur le col les poign\u00e9es et la taille. Finitions \u00e9lastiqu\u00e9es. Deux poches lat\u00e9rales. Int\u00e9rieur polaire pour un contact chaud et doux. Pour le jogging: Uni aux finitions de couleurs contrast\u00e9es et ray\u00e9es. Finitions \u00e9lastiqu\u00e9es. Image du h\u00e9ros sur la cuisse. Deux poches lat\u00e9rales.<\/p>\n<p>Int\u00e9rieur polaire pour un contact chaud et doux.<\/p>\n<p>Mati\u00e8re: 100% polyester.<\/p>\n<p>Entretien: Lavage \u00e0 40 \u00b0C.<\/p>\n","protected":false},"featured_media":315173,"template":"","meta":[],"product_brand":[],"product_cat":[13506,13602,13527,13539,13485,13503],"product_tag":[],"class_list":{"0":"post-315325","1":"product","2":"type-product","3":"status-publish","4":"has-post-thumbnail","6":"product_cat-alle-produkte-de","7":"product_cat-joggings-de","8":"product_cat-jungen-de","9":"product_cat-neue-jungenkollektion-de","10":"product_cat-accueil-de","11":"product_cat-was-ist-neu-de","12":"pa_couleur-blau-de","13":"pa_couleur-marine-de","14":"pa_genre-garcon-de","15":"pa_taille-3ans_98cm-de","16":"pa_taille-4ans_104cm-de","17":"pa_taille-5ans_110cm-de","18":"pa_taille-6ans_116cm-de","19":"pa_taille-7ans_122cm-de","20":"pa_taille-8ans_128cm-de","22":"first","23":"instock","24":"shipping-taxable","25":"purchasable","26":"product-type-variable","27":"has-default-attributes"},"_links":{"self":[{"href":"https:\/\/staging.laplanetedesenfants.com\/de\/wp-json\/wp\/v2\/product\/315325","targetHints":{"allow":["GET"]}}],"collection":[{"href":"https:\/\/staging.laplanetedesenfants.com\/de\/wp-json\/wp\/v2\/product"}],"about":[{"href":"https:\/\/staging.laplanetedesenfants.com\/de\/wp-json\/wp\/v2\/types\/product"}],"version-history":[{"count":0,"href":"https:\/\/staging.laplanetedesenfants.com\/de\/wp-json\/wp\/v2\/product\/315325\/revisions"}],"wp:featuredmedia":[{"embeddable":true,"href":"https:\/\/staging.laplanetedesenfants.com\/de\/wp-json\/wp\/v2\/media\/315173"}],"wp:attachment":[{"href":"https:\/\/staging.laplanetedesenfants.com\/de\/wp-json\/wp\/v2\/media?parent=315325"}],"wp:term":[{"taxonomy":"product_brand","embeddable":true,"href":"https:\/\/staging.laplanetedesenfants.com\/de\/wp-json\/wp\/v2\/product_brand?post=315325"},{"taxonomy":"product_cat","embeddable":true,"href":"https:\/\/staging.laplanetedesenfants.com\/de\/wp-json\/wp\/v2\/product_cat?post=315325"},{"taxonomy":"product_tag","embeddable":true,"href":"https:\/\/staging.laplanetedesenfants.com\/de\/wp-json\/wp\/v2\/product_tag?post=315325"}],"curies":[{"name":"wp","href":"https:\/\/api.w.org\/{rel}","templated":true}]}}