{"id":318123,"date":"2020-03-05T13:57:35","date_gmt":"2020-03-05T13:57:35","guid":{"rendered":"https:\/\/staging.laplanetedesenfants.com\/product\/boite-de-3-culottes-soy-luna\/"},"modified":"2020-03-05T13:57:35","modified_gmt":"2020-03-05T13:57:35","slug":"boite-de-3-culottes-soy-luna","status":"publish","type":"product","link":"https:\/\/staging.laplanetedesenfants.com\/de\/produit\/boite-de-3-culottes-soy-luna\/","title":{"rendered":"Boite de 3 Culottes Soy Luna"},"content":{"rendered":"<p><span>100% coton<\/span><\/p>\n","protected":false},"excerpt":{"rendered":"<p>LA planete des enfants vous propose ce :<\/p>\n<\/p>\n<p>3 culottes\u00a0 <span style=\"float:none;background-color:#ffffff;color:#999999;font-family:Poppins, sans-serif;font-size:13px;font-style:normal;font-variant:normal;font-weight:100;letter-spacing:normal;text-align:left;text-decoration:none;text-indent:0px;text-transform:none;white-space:normal;word-spacing:0px;\"><span style=\"color:#000000;\"> Soy Luna<\/span>\u00a0<\/span>. Taille \u00e9lastique. Fond doubl\u00e9. Mati\u00e8re : 100% coton Entretien : lavage \u00e0 30\u00b0C&#8221;<\/p>\n","protected":false},"featured_media":318081,"template":"","meta":[],"product_brand":[],"product_cat":[13483],"product_tag":[],"class_list":{"0":"post-318123","1":"product","2":"type-product","3":"status-publish","4":"has-post-thumbnail","6":"product_cat-accueil","8":"first","9":"instock","10":"sale","11":"shipping-taxable","12":"purchasable","13":"product-type-variable","14":"has-default-attributes"},"_links":{"self":[{"href":"https:\/\/staging.laplanetedesenfants.com\/de\/wp-json\/wp\/v2\/product\/318123","targetHints":{"allow":["GET"]}}],"collection":[{"href":"https:\/\/staging.laplanetedesenfants.com\/de\/wp-json\/wp\/v2\/product"}],"about":[{"href":"https:\/\/staging.laplanetedesenfants.com\/de\/wp-json\/wp\/v2\/types\/product"}],"version-history":[{"count":0,"href":"https:\/\/staging.laplanetedesenfants.com\/de\/wp-json\/wp\/v2\/product\/318123\/revisions"}],"wp:featuredmedia":[{"embeddable":true,"href":"https:\/\/staging.laplanetedesenfants.com\/de\/wp-json\/wp\/v2\/media\/318081"}],"wp:attachment":[{"href":"https:\/\/staging.laplanetedesenfants.com\/de\/wp-json\/wp\/v2\/media?parent=318123"}],"wp:term":[{"taxonomy":"product_brand","embeddable":true,"href":"https:\/\/staging.laplanetedesenfants.com\/de\/wp-json\/wp\/v2\/product_brand?post=318123"},{"taxonomy":"product_cat","embeddable":true,"href":"https:\/\/staging.laplanetedesenfants.com\/de\/wp-json\/wp\/v2\/product_cat?post=318123"},{"taxonomy":"product_tag","embeddable":true,"href":"https:\/\/staging.laplanetedesenfants.com\/de\/wp-json\/wp\/v2\/product_tag?post=318123"}],"curies":[{"name":"wp","href":"https:\/\/api.w.org\/{rel}","templated":true}]}}