{"id":334426,"date":"2020-07-01T13:57:25","date_gmt":"2020-07-01T13:57:25","guid":{"rendered":"https:\/\/staging.laplanetedesenfants.com\/product\/ensemble-debardeur-short-cars-disney\/"},"modified":"2020-07-01T13:57:25","modified_gmt":"2020-07-01T13:57:25","slug":"ensemble-debardeur-short-cars-disney","status":"publish","type":"product","link":"https:\/\/staging.laplanetedesenfants.com\/de\/produit\/ensemble-debardeur-short-cars-disney\/","title":{"rendered":"Ensemble D\u00e9bardeur Short Cars Disney"},"content":{"rendered":"<p><strong><span style=\"text-decoration:underline;\">Ensemble D\u00e9bardeur Short cars.<\/span><\/strong> L&#8217;image est imprim\u00e9e \u00e0 l&#8217;avant et sur le bas du short. Col rond. Couleurs contrastantes. Mati\u00e8re: 100% coton. Entretien: Lavage \u00e0 40 \u00b0C.<\/p>\n","protected":false},"excerpt":{"rendered":"<p><strong><span style=\"text-decoration:underline;\">Ensemble D\u00e9bardeur Short cars.<\/span><\/strong>\u00a0L&#8217;image est imprim\u00e9e \u00e0 l&#8217;avant et sur le bas du short. Col rond. Couleurs contrastantes. Mati\u00e8re: 100% coton. Entretien: Lavage \u00e0 40 \u00b0C.<\/p>\n","protected":false},"featured_media":334301,"template":"","meta":[],"product_brand":[],"product_cat":[13527,13536,13756,13485,13503],"product_tag":[],"class_list":{"0":"post-334426","1":"product","2":"type-product","3":"status-publish","4":"has-post-thumbnail","6":"product_cat-jungen-de","7":"product_cat-promos-de","8":"product_cat-sets-de","9":"product_cat-accueil-de","10":"product_cat-was-ist-neu-de","11":"pa_couleur-blau-de","12":"pa_couleur-rot-de","13":"pa_genre-garcon-de","14":"pa_taille-2ans-de","15":"pa_taille-3ans-de","16":"pa_taille-4ans-de","17":"pa_taille-5ans-de","18":"pa_taille-6ans-de","20":"first","21":"instock","22":"sale","23":"shipping-taxable","24":"purchasable","25":"product-type-variable","26":"has-default-attributes"},"_links":{"self":[{"href":"https:\/\/staging.laplanetedesenfants.com\/de\/wp-json\/wp\/v2\/product\/334426","targetHints":{"allow":["GET"]}}],"collection":[{"href":"https:\/\/staging.laplanetedesenfants.com\/de\/wp-json\/wp\/v2\/product"}],"about":[{"href":"https:\/\/staging.laplanetedesenfants.com\/de\/wp-json\/wp\/v2\/types\/product"}],"version-history":[{"count":0,"href":"https:\/\/staging.laplanetedesenfants.com\/de\/wp-json\/wp\/v2\/product\/334426\/revisions"}],"wp:featuredmedia":[{"embeddable":true,"href":"https:\/\/staging.laplanetedesenfants.com\/de\/wp-json\/wp\/v2\/media\/334301"}],"wp:attachment":[{"href":"https:\/\/staging.laplanetedesenfants.com\/de\/wp-json\/wp\/v2\/media?parent=334426"}],"wp:term":[{"taxonomy":"product_brand","embeddable":true,"href":"https:\/\/staging.laplanetedesenfants.com\/de\/wp-json\/wp\/v2\/product_brand?post=334426"},{"taxonomy":"product_cat","embeddable":true,"href":"https:\/\/staging.laplanetedesenfants.com\/de\/wp-json\/wp\/v2\/product_cat?post=334426"},{"taxonomy":"product_tag","embeddable":true,"href":"https:\/\/staging.laplanetedesenfants.com\/de\/wp-json\/wp\/v2\/product_tag?post=334426"}],"curies":[{"name":"wp","href":"https:\/\/api.w.org\/{rel}","templated":true}]}}