{"id":335435,"date":"2020-07-01T16:58:59","date_gmt":"2020-07-01T16:58:59","guid":{"rendered":"https:\/\/staging.laplanetedesenfants.com\/product\/casquette-avengers-6\/"},"modified":"2020-07-01T16:58:59","modified_gmt":"2020-07-01T16:58:59","slug":"casquette-avengers-6","status":"publish","type":"product","link":"https:\/\/staging.laplanetedesenfants.com\/de\/produit\/casquette-avengers-6\/","title":{"rendered":"Casquette Avengers"},"content":{"rendered":"<p><span style=\"text-decoration:underline;\"><strong>Casquette Avengers<\/strong><\/span>. R\u00e9glable par scratch.<\/p>\n<p>Image imprim\u00e9e devant et sur la visi\u00e8re. Tr\u00e8s l\u00e9g\u00e8re et prot\u00e8ge du soleil<\/p>\n<p>Entretien: Lavage \u00e0 la main.<\/p>\n","protected":false},"excerpt":{"rendered":"<p><span style=\"text-decoration:underline;\"><strong>Casquette Avengers<\/strong><\/span>. R\u00e9glable par scratch.<\/p>\n<p>Image imprim\u00e9e devant et sur la visi\u00e8re. Tr\u00e8s l\u00e9g\u00e8re et prot\u00e8ge du soleil.<\/p>\n<p>Entretien: Lavage \u00e0 la main.<\/p>\n","protected":false},"featured_media":335367,"template":"","meta":[],"product_brand":[],"product_cat":[13483],"product_tag":[],"class_list":{"0":"post-335435","1":"product","2":"type-product","3":"status-publish","4":"has-post-thumbnail","6":"product_cat-accueil","8":"first","9":"instock","10":"sale","11":"shipping-taxable","12":"purchasable","13":"product-type-variable","14":"has-default-attributes"},"_links":{"self":[{"href":"https:\/\/staging.laplanetedesenfants.com\/de\/wp-json\/wp\/v2\/product\/335435","targetHints":{"allow":["GET"]}}],"collection":[{"href":"https:\/\/staging.laplanetedesenfants.com\/de\/wp-json\/wp\/v2\/product"}],"about":[{"href":"https:\/\/staging.laplanetedesenfants.com\/de\/wp-json\/wp\/v2\/types\/product"}],"version-history":[{"count":0,"href":"https:\/\/staging.laplanetedesenfants.com\/de\/wp-json\/wp\/v2\/product\/335435\/revisions"}],"wp:featuredmedia":[{"embeddable":true,"href":"https:\/\/staging.laplanetedesenfants.com\/de\/wp-json\/wp\/v2\/media\/335367"}],"wp:attachment":[{"href":"https:\/\/staging.laplanetedesenfants.com\/de\/wp-json\/wp\/v2\/media?parent=335435"}],"wp:term":[{"taxonomy":"product_brand","embeddable":true,"href":"https:\/\/staging.laplanetedesenfants.com\/de\/wp-json\/wp\/v2\/product_brand?post=335435"},{"taxonomy":"product_cat","embeddable":true,"href":"https:\/\/staging.laplanetedesenfants.com\/de\/wp-json\/wp\/v2\/product_cat?post=335435"},{"taxonomy":"product_tag","embeddable":true,"href":"https:\/\/staging.laplanetedesenfants.com\/de\/wp-json\/wp\/v2\/product_tag?post=335435"}],"curies":[{"name":"wp","href":"https:\/\/api.w.org\/{rel}","templated":true}]}}