{"id":355758,"date":"2021-04-17T09:14:38","date_gmt":"2021-04-17T09:14:38","guid":{"rendered":"https:\/\/staging.laplanetedesenfants.com\/product\/drap-de-plage-ou-drap-de-bain-bing-3\/"},"modified":"2021-04-17T09:14:38","modified_gmt":"2021-04-17T09:14:38","slug":"drap-de-plage-ou-drap-de-bain-bing-3","status":"publish","type":"product","link":"https:\/\/staging.laplanetedesenfants.com\/de\/produit\/drap-de-plage-ou-drap-de-bain-bing-3\/","title":{"rendered":"Drap de plage ou drap de bain Bing"},"content":{"rendered":"<p>La Plan\u00e8te des Enfants vous propose cette\u00a0<strong>Serviette de Plage\u00a0Bing<\/strong><\/p>\n<p>&#8211; en\u00a0250\u00a0gsm<\/p>\n<p>&#8211; 100 % Microfibre.<\/p>\n<p>&#8211; Dimensions : 140cm x 70 cm<\/p>\n","protected":false},"excerpt":{"rendered":"<p>La Plan\u00e8te des Enfants vous propose cette\u00a0<span><strong>Serviette de Plage\u00a0Bing<\/strong><\/span><\/p>\n<p>Cette\u00a0<span><strong>Serviette de Plage Bing\u00a0<\/strong><\/span>est parfaitement adapt\u00e9e pour toutes vos sorties \u00e0 la piscine ou \u00e0 la mer ainsi que pour le quotidien de votre enfant \u00e0 la maison.<\/p>\n<p>&#8211; Dimensions : 140cm x 70 cm<\/p>\n","protected":false},"featured_media":355755,"template":"","meta":[],"product_brand":[],"product_cat":[13506,13491,13527,13533,13638,13515,13747,13509,13485,13512,13503,13488],"product_tag":[],"class_list":{"0":"post-355758","1":"product","2":"type-product","3":"status-publish","4":"has-post-thumbnail","6":"product_cat-alle-produkte-de","7":"product_cat-heim-de","8":"product_cat-jungen-de","9":"product_cat-madchen-de","10":"product_cat-serviette-de-plage-de","11":"product_cat-servietten-de","12":"product_cat-serviettes-de-plage-de","13":"product_cat-sommer-de","14":"product_cat-accueil-de","15":"product_cat-strand-de","16":"product_cat-was-ist-neu-de","17":"product_cat-accessoires-de","18":"pa_genre-garcon-de","19":"pa_hauteurencm-140-de","20":"pa_largeurencm-70-de","22":"first","23":"instock","24":"sale","25":"shipping-taxable","26":"purchasable","27":"product-type-simple"},"_links":{"self":[{"href":"https:\/\/staging.laplanetedesenfants.com\/de\/wp-json\/wp\/v2\/product\/355758","targetHints":{"allow":["GET"]}}],"collection":[{"href":"https:\/\/staging.laplanetedesenfants.com\/de\/wp-json\/wp\/v2\/product"}],"about":[{"href":"https:\/\/staging.laplanetedesenfants.com\/de\/wp-json\/wp\/v2\/types\/product"}],"version-history":[{"count":0,"href":"https:\/\/staging.laplanetedesenfants.com\/de\/wp-json\/wp\/v2\/product\/355758\/revisions"}],"wp:featuredmedia":[{"embeddable":true,"href":"https:\/\/staging.laplanetedesenfants.com\/de\/wp-json\/wp\/v2\/media\/355755"}],"wp:attachment":[{"href":"https:\/\/staging.laplanetedesenfants.com\/de\/wp-json\/wp\/v2\/media?parent=355758"}],"wp:term":[{"taxonomy":"product_brand","embeddable":true,"href":"https:\/\/staging.laplanetedesenfants.com\/de\/wp-json\/wp\/v2\/product_brand?post=355758"},{"taxonomy":"product_cat","embeddable":true,"href":"https:\/\/staging.laplanetedesenfants.com\/de\/wp-json\/wp\/v2\/product_cat?post=355758"},{"taxonomy":"product_tag","embeddable":true,"href":"https:\/\/staging.laplanetedesenfants.com\/de\/wp-json\/wp\/v2\/product_tag?post=355758"}],"curies":[{"name":"wp","href":"https:\/\/api.w.org\/{rel}","templated":true}]}}