{"id":364332,"date":"2021-09-29T17:34:42","date_gmt":"2021-09-29T17:34:42","guid":{"rendered":"https:\/\/staging.laplanetedesenfants.com\/product\/sac-a-dos-mickey-disney-en-3d\/"},"modified":"2021-09-29T17:34:42","modified_gmt":"2021-09-29T17:34:42","slug":"sac-a-dos-mickey-disney-en-3d","status":"publish","type":"product","link":"https:\/\/staging.laplanetedesenfants.com\/de\/produit\/sac-a-dos-mickey-disney-en-3d\/","title":{"rendered":"Sac \u00e0 dos Mickey Disney en 3D"},"content":{"rendered":"<p>La Plan\u00e8te des Enfants vous propose ce\u00a0<span style=\"text-decoration:underline;\"><b>Sac \u00e0 dos\u00a0<\/b><b><span>Mickey Disney<\/span><\/b><b>\u00a0en 3D<\/b><\/span>.<br \/>Compos\u00e9 d&#8217;un Compartiment principal avec fermeture zipp\u00e9e, et de bretelles r\u00e9glables.<\/p>\n<p>La fa\u00e7ade de ce sac est en en 3 dimensions, donnant un effet de relief des plus r\u00e9ussi.\u00a0<\/p>\n<ul>\n<li>\u00a0Collection officielle\u00a0Mickey Disney<\/li>\n<li>\u00a0dimensions:\u00a030 x\u00a025 x 10\u00a0cm<\/li>\n<\/ul>\n","protected":false},"excerpt":{"rendered":"<p>La Plan\u00e8te des Enfants vous propose ce <span style=\"text-decoration:underline;\"><b>Sac \u00e0 dos\u00a0<\/b><b><span style=\"text-decoration:underline;\">Mickey Disney<\/span><\/b><b>\u00a0en 3D<\/b><\/span>.<br \/>Compos\u00e9 d&#8217;un Compartiment principal avec fermeture zipp\u00e9e, et de bretelles r\u00e9glables.<\/p>\n<p>La fa\u00e7ade de ce sac est en en 3 dimensions, donnant un effet de relief des plus r\u00e9ussi.\u00a0<\/p>\n<ul>\n<li>\u00a0Collection officielle\u00a0Mickey Disney<\/li>\n<li>\u00a0dimensions:\u00a030 x\u00a025 x 10\u00a0cm<\/li>\n<\/ul>\n","protected":false},"featured_media":364328,"template":"","meta":[],"product_brand":[],"product_cat":[13527,13575,13494,13503],"product_tag":[],"class_list":{"0":"post-364332","1":"product","2":"type-product","3":"status-publish","4":"has-post-thumbnail","6":"product_cat-jungen-de","7":"product_cat-sacs-a-dos-de","8":"product_cat-schule-de","9":"product_cat-was-ist-neu-de","11":"first","12":"instock","13":"sale","14":"shipping-taxable","15":"purchasable","16":"product-type-simple"},"_links":{"self":[{"href":"https:\/\/staging.laplanetedesenfants.com\/de\/wp-json\/wp\/v2\/product\/364332","targetHints":{"allow":["GET"]}}],"collection":[{"href":"https:\/\/staging.laplanetedesenfants.com\/de\/wp-json\/wp\/v2\/product"}],"about":[{"href":"https:\/\/staging.laplanetedesenfants.com\/de\/wp-json\/wp\/v2\/types\/product"}],"version-history":[{"count":0,"href":"https:\/\/staging.laplanetedesenfants.com\/de\/wp-json\/wp\/v2\/product\/364332\/revisions"}],"wp:featuredmedia":[{"embeddable":true,"href":"https:\/\/staging.laplanetedesenfants.com\/de\/wp-json\/wp\/v2\/media\/364328"}],"wp:attachment":[{"href":"https:\/\/staging.laplanetedesenfants.com\/de\/wp-json\/wp\/v2\/media?parent=364332"}],"wp:term":[{"taxonomy":"product_brand","embeddable":true,"href":"https:\/\/staging.laplanetedesenfants.com\/de\/wp-json\/wp\/v2\/product_brand?post=364332"},{"taxonomy":"product_cat","embeddable":true,"href":"https:\/\/staging.laplanetedesenfants.com\/de\/wp-json\/wp\/v2\/product_cat?post=364332"},{"taxonomy":"product_tag","embeddable":true,"href":"https:\/\/staging.laplanetedesenfants.com\/de\/wp-json\/wp\/v2\/product_tag?post=364332"}],"curies":[{"name":"wp","href":"https:\/\/api.w.org\/{rel}","templated":true}]}}