{"id":364337,"date":"2021-09-29T17:40:05","date_gmt":"2021-09-29T17:40:05","guid":{"rendered":"https:\/\/staging.laplanetedesenfants.com\/product\/sac-a-dos-mickey-disney-en-3d-2\/"},"modified":"2021-09-29T17:40:05","modified_gmt":"2021-09-29T17:40:05","slug":"sac-a-dos-mickey-disney-en-3d-2","status":"publish","type":"product","link":"https:\/\/staging.laplanetedesenfants.com\/de\/produit\/sac-a-dos-mickey-disney-en-3d-2\/","title":{"rendered":"Sac \u00e0 dos Mickey Disney en 3D"},"content":{"rendered":"<p>Notre nouveau sac \u00e0 dos Mickey Mouse 3D est id\u00e9al pour les enfants qui ont h\u00e2te de retourner \u00e0 l&#8217;\u00e9cole. Avec les oreilles classiques au dos, ce sac \u00e0 dos rendra votre enfant impatient de commencer sa nouvelle ann\u00e9e scolaire avec ses camarades. Les bretelles r\u00e9glables rendent ce sac \u00e0 dos facile \u00e0 porter pour tous les \u00e2ges, et le compartiment principal permet \u00e0 votre enfant de s&#8217;organiser facilement. Notre emballage cadeau exclusif vous aidera \u00e0 pr\u00e9parer ce sac \u00e0 dos en un rien de temps ! Que vous cherchiez un cadeau Mickey Mouse ou simplement un cadeau pour un enfant sp\u00e9cial dans votre vie, notre collection exclusive vous procurera des heures de divertissement.<\/p>\n","protected":false},"excerpt":{"rendered":"<p>La Plan\u00e8te des Enfants vous propose ce <span style=\"text-decoration:underline;\"><b>Sac \u00e0 dos\u00a0<\/b><b><span style=\"text-decoration:underline;\">Mickey Disney<\/span><\/b><b>\u00a0en 3D<\/b><\/span>.<br \/>Compos\u00e9 d&#8217;un Compartiment principal avec fermeture zipp\u00e9e, et de bretelles r\u00e9glables.<\/p>\n<p>La fa\u00e7ade de ce sac est en en 3 dimensions, donnant un effet de relief des plus r\u00e9ussi.\u00a0<\/p>\n<ul>\n<li>\u00a0Collection officielle\u00a0Mickey Disney<\/li>\n<li>\u00a0dimensions:\u00a030 x\u00a025 x 10\u00a0cm<\/li>\n<\/ul>\n","protected":false},"featured_media":364333,"template":"","meta":[],"product_brand":[],"product_cat":[13527,13575,13494,13503],"product_tag":[],"class_list":{"0":"post-364337","1":"product","2":"type-product","3":"status-publish","4":"has-post-thumbnail","6":"product_cat-jungen-de","7":"product_cat-sacs-a-dos-de","8":"product_cat-schule-de","9":"product_cat-was-ist-neu-de","11":"first","12":"instock","13":"sale","14":"shipping-taxable","15":"purchasable","16":"product-type-simple"},"_links":{"self":[{"href":"https:\/\/staging.laplanetedesenfants.com\/de\/wp-json\/wp\/v2\/product\/364337","targetHints":{"allow":["GET"]}}],"collection":[{"href":"https:\/\/staging.laplanetedesenfants.com\/de\/wp-json\/wp\/v2\/product"}],"about":[{"href":"https:\/\/staging.laplanetedesenfants.com\/de\/wp-json\/wp\/v2\/types\/product"}],"version-history":[{"count":0,"href":"https:\/\/staging.laplanetedesenfants.com\/de\/wp-json\/wp\/v2\/product\/364337\/revisions"}],"wp:featuredmedia":[{"embeddable":true,"href":"https:\/\/staging.laplanetedesenfants.com\/de\/wp-json\/wp\/v2\/media\/364333"}],"wp:attachment":[{"href":"https:\/\/staging.laplanetedesenfants.com\/de\/wp-json\/wp\/v2\/media?parent=364337"}],"wp:term":[{"taxonomy":"product_brand","embeddable":true,"href":"https:\/\/staging.laplanetedesenfants.com\/de\/wp-json\/wp\/v2\/product_brand?post=364337"},{"taxonomy":"product_cat","embeddable":true,"href":"https:\/\/staging.laplanetedesenfants.com\/de\/wp-json\/wp\/v2\/product_cat?post=364337"},{"taxonomy":"product_tag","embeddable":true,"href":"https:\/\/staging.laplanetedesenfants.com\/de\/wp-json\/wp\/v2\/product_tag?post=364337"}],"curies":[{"name":"wp","href":"https:\/\/api.w.org\/{rel}","templated":true}]}}