{"id":367091,"date":"2022-01-05T10:22:12","date_gmt":"2022-01-05T10:22:12","guid":{"rendered":"https:\/\/staging.laplanetedesenfants.com\/product\/ensemble-jogging-harry-potter-3\/"},"modified":"2022-01-05T10:22:12","modified_gmt":"2022-01-05T10:22:12","slug":"ensemble-jogging-harry-potter-3","status":"publish","type":"product","link":"https:\/\/staging.laplanetedesenfants.com\/de\/produit\/ensemble-jogging-harry-potter-3\/","title":{"rendered":"Ensemble Jogging Harry Potter"},"content":{"rendered":"<p><span style=\"font-family:'Droid Sans', Helvetica, sans-serif;font-size:13px;font-style:normal;font-weight:normal;letter-spacing:normal;text-indent:0px;text-transform:none;white-space:normal;word-spacing:0px;float:none;\">La Plan\u00e8te des Enfants vous propose ce\u00a0<strong><span style=\"text-decoration:underline;\">Jogging\u00a0 Harry Potter\u00a0<\/span><\/strong>.<\/span><span style=\"font-family:'Droid Sans', Helvetica, sans-serif;font-size:13px;font-style:normal;font-weight:normal;letter-spacing:normal;text-indent:0px;text-transform:none;white-space:normal;word-spacing:0px;float:none;\"><b><span style=\"text-decoration:underline;\">\u00a0<\/span><\/b>couleurs contrast\u00e9e avec l&#8217; image du h\u00e9ros devant. Finitions \u00e9lastiqu\u00e9es.\u00a0 Int\u00e9rieur polaire pour un contact chaud et doux. Mati\u00e8re: 100% polyester. Entretien: Lavage \u00e0 40 \u00b0C.<\/span><\/p>\n","protected":false},"excerpt":{"rendered":"<p><span style=\"font-family:'Droid Sans', Helvetica, sans-serif;font-size:13px;font-style:normal;font-weight:normal;letter-spacing:normal;text-indent:0px;text-transform:none;white-space:normal;word-spacing:0px;float:none;\">La Plan\u00e8te des Enfants vous propose ce <strong><span style=\"text-decoration:underline;\">Jogging\u00a0 Harry Potter\u00a0<\/span><\/strong>.<\/span><span style=\"font-family:'Droid Sans', Helvetica, sans-serif;font-size:13px;font-style:normal;font-weight:normal;letter-spacing:normal;text-indent:0px;text-transform:none;white-space:normal;word-spacing:0px;float:none;\"><b><span style=\"text-decoration:underline;\"> <\/span><\/b>couleurs contrast\u00e9e avec l&#8217; image du h\u00e9ros devant. Finitions \u00e9lastiqu\u00e9es.\u00a0 Int\u00e9rieur polaire pour un contact chaud et doux. Mati\u00e8re: 100% polyester. Entretien: Lavage \u00e0 40 \u00b0C.<\/span><\/p>\n","protected":false},"featured_media":367015,"template":"","meta":[],"product_brand":[],"product_cat":[13602,13527,13539,13780,13485,13503],"product_tag":[],"class_list":{"0":"post-367091","1":"product","2":"type-product","3":"status-publish","4":"has-post-thumbnail","6":"product_cat-joggings-de","7":"product_cat-jungen-de","8":"product_cat-neue-jungenkollektion-de","10":"product_cat-accueil-de","11":"product_cat-was-ist-neu-de","12":"pa_couleur-rot-de","13":"pa_couleur-schwarz-de","14":"pa_genre-garcon-de","15":"pa_taille-10ans_140cm","16":"pa_taille-11ans_146cm","17":"pa_taille-12ans_152cm","18":"pa_taille-14ans_164cm","19":"pa_taille-8ans_128cm","20":"pa_taille-9ans_134cm","22":"first","23":"instock","24":"sale","25":"shipping-taxable","26":"purchasable","27":"product-type-variable","28":"has-default-attributes"},"_links":{"self":[{"href":"https:\/\/staging.laplanetedesenfants.com\/de\/wp-json\/wp\/v2\/product\/367091","targetHints":{"allow":["GET"]}}],"collection":[{"href":"https:\/\/staging.laplanetedesenfants.com\/de\/wp-json\/wp\/v2\/product"}],"about":[{"href":"https:\/\/staging.laplanetedesenfants.com\/de\/wp-json\/wp\/v2\/types\/product"}],"version-history":[{"count":0,"href":"https:\/\/staging.laplanetedesenfants.com\/de\/wp-json\/wp\/v2\/product\/367091\/revisions"}],"wp:featuredmedia":[{"embeddable":true,"href":"https:\/\/staging.laplanetedesenfants.com\/de\/wp-json\/wp\/v2\/media\/367015"}],"wp:attachment":[{"href":"https:\/\/staging.laplanetedesenfants.com\/de\/wp-json\/wp\/v2\/media?parent=367091"}],"wp:term":[{"taxonomy":"product_brand","embeddable":true,"href":"https:\/\/staging.laplanetedesenfants.com\/de\/wp-json\/wp\/v2\/product_brand?post=367091"},{"taxonomy":"product_cat","embeddable":true,"href":"https:\/\/staging.laplanetedesenfants.com\/de\/wp-json\/wp\/v2\/product_cat?post=367091"},{"taxonomy":"product_tag","embeddable":true,"href":"https:\/\/staging.laplanetedesenfants.com\/de\/wp-json\/wp\/v2\/product_tag?post=367091"}],"curies":[{"name":"wp","href":"https:\/\/api.w.org\/{rel}","templated":true}]}}