{"id":370242,"date":"2022-01-14T14:05:37","date_gmt":"2022-01-14T14:05:37","guid":{"rendered":"https:\/\/staging.laplanetedesenfants.com\/product\/ensemble-debardeur-avec-short-princesse-disney\/"},"modified":"2022-01-14T14:05:37","modified_gmt":"2022-01-14T14:05:37","slug":"ensemble-debardeur-avec-short-princesse-disney","status":"publish","type":"product","link":"https:\/\/staging.laplanetedesenfants.com\/de\/produit\/ensemble-debardeur-avec-short-princesse-disney\/","title":{"rendered":"Ensemble D\u00e9bardeur Avec Short Princesse Disney"},"content":{"rendered":"<p>\u00a0Ensemble D\u00e9bardeur avec short Princesse Disney\u00a0 . Image imprim\u00e9e \u00e0 l&#8217;avant. Couleur unie. Mati\u00e8re:\u00a0<span style=\"background-color:#ffffff;color:#666666;font-family:Poppins, sans-serif;font-size:14px;letter-spacing:1px;\"><span style=\"color:#000000;\">100% coton<\/span>\u00a0<\/span>. Entretien: Lavage \u00e0 40\u00b0C.<\/p>\n","protected":false},"excerpt":{"rendered":"<p>\u00a0Ensemble D\u00e9bardeur avec short Princesse Disney\u00a0 . Image imprim\u00e9e \u00e0 l&#8217;avant. Couleur unie. Mati\u00e8re:\u00a0<span style=\"background-color:#ffffff;color:#666666;font-family:Poppins, sans-serif;font-size:14px;letter-spacing:1px;\"><span style=\"color:#000000;\">100% coton<\/span>\u00a0<\/span>. Entretien: Lavage \u00e0 40\u00b0C.<\/p>\n","protected":false},"featured_media":370166,"template":"","meta":[],"product_brand":[],"product_cat":[13506,13728,13533,13536,13786,13509,13485,13512,13503,13488],"product_tag":[],"class_list":{"0":"post-370242","1":"product","2":"type-product","3":"status-publish","4":"has-post-thumbnail","6":"product_cat-alle-produkte-de","7":"product_cat-ensembles-de","8":"product_cat-madchen-de","9":"product_cat-promos-de","10":"product_cat-robes-de","11":"product_cat-sommer-de","12":"product_cat-accueil-de","13":"product_cat-strand-de","14":"product_cat-was-ist-neu-de","15":"product_cat-accessoires-de","16":"pa_couleur-pink-de","17":"pa_couleur-violet-de","18":"pa_genre-fille-de","19":"pa_taille-2ans_86cm","20":"pa_taille-3ans_98cm","21":"pa_taille-4ans_104cm","22":"pa_taille-5ans_110cm","23":"pa_taille-6ans_116cm","24":"pa_taille-8ans_128cm","26":"first","27":"instock","28":"shipping-taxable","29":"purchasable","30":"product-type-variable","31":"has-default-attributes"},"_links":{"self":[{"href":"https:\/\/staging.laplanetedesenfants.com\/de\/wp-json\/wp\/v2\/product\/370242","targetHints":{"allow":["GET"]}}],"collection":[{"href":"https:\/\/staging.laplanetedesenfants.com\/de\/wp-json\/wp\/v2\/product"}],"about":[{"href":"https:\/\/staging.laplanetedesenfants.com\/de\/wp-json\/wp\/v2\/types\/product"}],"version-history":[{"count":0,"href":"https:\/\/staging.laplanetedesenfants.com\/de\/wp-json\/wp\/v2\/product\/370242\/revisions"}],"wp:featuredmedia":[{"embeddable":true,"href":"https:\/\/staging.laplanetedesenfants.com\/de\/wp-json\/wp\/v2\/media\/370166"}],"wp:attachment":[{"href":"https:\/\/staging.laplanetedesenfants.com\/de\/wp-json\/wp\/v2\/media?parent=370242"}],"wp:term":[{"taxonomy":"product_brand","embeddable":true,"href":"https:\/\/staging.laplanetedesenfants.com\/de\/wp-json\/wp\/v2\/product_brand?post=370242"},{"taxonomy":"product_cat","embeddable":true,"href":"https:\/\/staging.laplanetedesenfants.com\/de\/wp-json\/wp\/v2\/product_cat?post=370242"},{"taxonomy":"product_tag","embeddable":true,"href":"https:\/\/staging.laplanetedesenfants.com\/de\/wp-json\/wp\/v2\/product_tag?post=370242"}],"curies":[{"name":"wp","href":"https:\/\/api.w.org\/{rel}","templated":true}]}}