{"id":379684,"date":"2022-05-04T14:34:29","date_gmt":"2022-05-04T14:34:29","guid":{"rendered":"https:\/\/staging.laplanetedesenfants.com\/product\/casquette-nasa\/"},"modified":"2022-05-04T14:34:29","modified_gmt":"2022-05-04T14:34:29","slug":"casquette-nasa","status":"publish","type":"product","link":"https:\/\/staging.laplanetedesenfants.com\/de\/produit\/casquette-nasa\/","title":{"rendered":"Casquette Nasa"},"content":{"rendered":"<p>La Plan\u00e8te des Enfants vous propose cette\u00a0<span style=\"text-decoration:underline;\"><strong>Casquette Nasa.<\/strong><\/span>\u00a0R\u00e9glable par scratch. Image imprim\u00e9e devant et sur la visi\u00e8re. Tr\u00e8s l\u00e9g\u00e8re et prot\u00e8ge du soleil.<\/p>\n<p>Front Panel 100% Polyester<\/p>\n<p>Back panel: 100 % Coton<\/p>\n<p>Entretien: Lavage \u00e0 la main.<\/p>\n","protected":false},"excerpt":{"rendered":"<p>La Plan\u00e8te des Enfants vous propose cette\u00a0<span style=\"text-decoration:underline;\"><strong>Casquette Nasa.<\/strong><\/span>\u00a0R\u00e9glable par scratch. Image imprim\u00e9e devant et sur la visi\u00e8re. Tr\u00e8s l\u00e9g\u00e8re et prot\u00e8ge du soleil.<\/p>\n<p>Front Panel 100% Polyester<\/p>\n<p>Back panel: 100 % Coton<\/p>\n<p>Entretien: Lavage \u00e0 la main.<\/p>\n","protected":false},"featured_media":379668,"template":"","meta":[],"product_brand":[],"product_cat":[13506,13617,13527,13539,13509,13485,13503,13488],"product_tag":[],"class_list":{"0":"post-379684","1":"product","2":"type-product","3":"status-publish","4":"has-post-thumbnail","6":"product_cat-alle-produkte-de","7":"product_cat-casquettes-bobs-de","8":"product_cat-jungen-de","9":"product_cat-neue-jungenkollektion-de","10":"product_cat-sommer-de","11":"product_cat-accueil-de","12":"product_cat-was-ist-neu-de","13":"product_cat-accessoires-de","14":"pa_couleur-blau-de","15":"pa_couleur-schwarz-de","16":"pa_genre-garcon-de","18":"first","19":"instock","20":"shipping-taxable","21":"purchasable","22":"product-type-variable","23":"has-default-attributes"},"_links":{"self":[{"href":"https:\/\/staging.laplanetedesenfants.com\/de\/wp-json\/wp\/v2\/product\/379684","targetHints":{"allow":["GET"]}}],"collection":[{"href":"https:\/\/staging.laplanetedesenfants.com\/de\/wp-json\/wp\/v2\/product"}],"about":[{"href":"https:\/\/staging.laplanetedesenfants.com\/de\/wp-json\/wp\/v2\/types\/product"}],"version-history":[{"count":0,"href":"https:\/\/staging.laplanetedesenfants.com\/de\/wp-json\/wp\/v2\/product\/379684\/revisions"}],"wp:featuredmedia":[{"embeddable":true,"href":"https:\/\/staging.laplanetedesenfants.com\/de\/wp-json\/wp\/v2\/media\/379668"}],"wp:attachment":[{"href":"https:\/\/staging.laplanetedesenfants.com\/de\/wp-json\/wp\/v2\/media?parent=379684"}],"wp:term":[{"taxonomy":"product_brand","embeddable":true,"href":"https:\/\/staging.laplanetedesenfants.com\/de\/wp-json\/wp\/v2\/product_brand?post=379684"},{"taxonomy":"product_cat","embeddable":true,"href":"https:\/\/staging.laplanetedesenfants.com\/de\/wp-json\/wp\/v2\/product_cat?post=379684"},{"taxonomy":"product_tag","embeddable":true,"href":"https:\/\/staging.laplanetedesenfants.com\/de\/wp-json\/wp\/v2\/product_tag?post=379684"}],"curies":[{"name":"wp","href":"https:\/\/api.w.org\/{rel}","templated":true}]}}