{"id":385405,"date":"2022-10-13T15:27:06","date_gmt":"2022-10-13T15:27:06","guid":{"rendered":"https:\/\/staging.laplanetedesenfants.com\/product\/cache-cou-cars-disney\/"},"modified":"2022-10-13T15:27:06","modified_gmt":"2022-10-13T15:27:06","slug":"cache-cou-cars-disney","status":"publish","type":"product","link":"https:\/\/staging.laplanetedesenfants.com\/de\/produit\/cache-cou-cars-disney\/","title":{"rendered":"Cache Cou Cars Disney"},"content":{"rendered":"<p>La Plan\u00e8te des Enfants vous propose ce <span style=\"text-decoration:underline;\"><strong>Cache cou Cars Disney\u00a0<\/strong><\/span>doublure micro polaire doux et chaud. Imprim\u00e9 entierement. Mati\u00e8re: 100% polyester. Entretien: lavage \u00e0 40 \u00b0C.<\/p>\n","protected":false},"excerpt":{"rendered":"<p>La Plan\u00e8te des Enfants vous propose ce <span style=\"text-decoration:underline;\"><strong>Cache cou Cars Disney<\/strong><\/span>\u00a0doublure micro polaire doux et chaud. Imprim\u00e9 entierement. Mati\u00e8re: 100% polyester. Entretien: lavage \u00e0 40 \u00b0C.<\/p>\n","protected":false},"featured_media":385385,"template":"","meta":[],"product_brand":[],"product_cat":[13506,13716,13548,13527,13485,13500,13488],"product_tag":[],"class_list":{"0":"post-385405","1":"product","2":"type-product","3":"status-publish","4":"has-post-thumbnail","6":"product_cat-alle-produkte-de","7":"product_cat-cache-oreilles-cache-cou-de","8":"product_cat-herbst-winter-ausverkauf-2023-de","9":"product_cat-jungen-de","10":"product_cat-accueil-de","11":"product_cat-weniger-als-5-de","12":"product_cat-accessoires-de","13":"pa_couleur-marine-de","14":"pa_couleur-rot-de","15":"pa_genre-garcon-de","17":"first","18":"instock","19":"shipping-taxable","20":"purchasable","21":"product-type-variable","22":"has-default-attributes"},"_links":{"self":[{"href":"https:\/\/staging.laplanetedesenfants.com\/de\/wp-json\/wp\/v2\/product\/385405","targetHints":{"allow":["GET"]}}],"collection":[{"href":"https:\/\/staging.laplanetedesenfants.com\/de\/wp-json\/wp\/v2\/product"}],"about":[{"href":"https:\/\/staging.laplanetedesenfants.com\/de\/wp-json\/wp\/v2\/types\/product"}],"version-history":[{"count":0,"href":"https:\/\/staging.laplanetedesenfants.com\/de\/wp-json\/wp\/v2\/product\/385405\/revisions"}],"wp:featuredmedia":[{"embeddable":true,"href":"https:\/\/staging.laplanetedesenfants.com\/de\/wp-json\/wp\/v2\/media\/385385"}],"wp:attachment":[{"href":"https:\/\/staging.laplanetedesenfants.com\/de\/wp-json\/wp\/v2\/media?parent=385405"}],"wp:term":[{"taxonomy":"product_brand","embeddable":true,"href":"https:\/\/staging.laplanetedesenfants.com\/de\/wp-json\/wp\/v2\/product_brand?post=385405"},{"taxonomy":"product_cat","embeddable":true,"href":"https:\/\/staging.laplanetedesenfants.com\/de\/wp-json\/wp\/v2\/product_cat?post=385405"},{"taxonomy":"product_tag","embeddable":true,"href":"https:\/\/staging.laplanetedesenfants.com\/de\/wp-json\/wp\/v2\/product_tag?post=385405"}],"curies":[{"name":"wp","href":"https:\/\/api.w.org\/{rel}","templated":true}]}}