{"id":404073,"date":"2023-08-16T15:42:10","date_gmt":"2023-08-16T15:42:10","guid":{"rendered":"https:\/\/staging.laplanetedesenfants.com\/product\/frozen-disney-rucksack-42-cm-ueberlegene-qualitaet\/"},"modified":"2023-08-16T15:42:10","modified_gmt":"2023-08-16T15:42:10","slug":"frozen-disney-rucksack-42-cm-ueberlegene-qualitaet","status":"publish","type":"product","link":"https:\/\/staging.laplanetedesenfants.com\/de\/produit\/frozen-disney-rucksack-42-cm-ueberlegene-qualitaet\/","title":{"rendered":"Frozen Disney Rucksack 42 cm &#8211; \u00dcberlegene Qualit\u00e4t"},"content":{"rendered":"<p>Top Qualit\u00e4t, Ma\u00dfe: 42 x 30 x 16cm<\/p>\n","protected":false},"excerpt":{"rendered":"<h4 class=\"a-size-large a-spacing-none\">Frozen Rucksack, 2 Hauptf\u00e4cher mit Rei\u00dfverschluss 1 Fach mit Rei\u00dfverschluss vorne, verstellbare Tr\u00e4ger<\/h4>\n<ul>\n<li>Offizielle Kollektion Frozen Rucksack<\/li>\n<li>Frozen Rucksack<\/li>\n<li>Top Qualit\u00e4t, Ma\u00dfe: 42 x 30 x 16 cm<\/li>\n<li>2 Hauptfach mit Rei\u00dfverschluss und 1 Hauptfach mit Rei\u00dfverschluss mit 2 Seitentaschen<\/li>\n<li>verstellbare Tr\u00e4ger und verst\u00e4rkt<\/li>\n<li>Rei\u00dfverschluss<br \/>Innenfutter<\/li>\n<\/ul>\n","protected":false},"featured_media":404066,"template":"","meta":[],"product_brand":[],"product_cat":[13545,13527,13533,13542,13536,13575,13494,13485,13503],"product_tag":[19875,19874,19738],"class_list":{"0":"post-404073","1":"product","2":"type-product","3":"status-publish","4":"has-post-thumbnail","6":"product_cat-fruhling-2024-de","7":"product_cat-jungen-de","8":"product_cat-madchen-de","9":"product_cat-neue-madchenkollektion-de","10":"product_cat-promos-de","11":"product_cat-sacs-a-dos-de","12":"product_cat-schule-de","13":"product_cat-accueil-de","14":"product_cat-was-ist-neu-de","15":"product_tag-frozen-disney-rucksack-42-cm","16":"product_tag-frozen-disney-rucksack-42-cm-ue","17":"product_tag-rucksack","18":"pa_genre-fille-de","20":"first","21":"instock","22":"sale","23":"shipping-taxable","24":"purchasable","25":"product-type-simple"},"_links":{"self":[{"href":"https:\/\/staging.laplanetedesenfants.com\/de\/wp-json\/wp\/v2\/product\/404073","targetHints":{"allow":["GET"]}}],"collection":[{"href":"https:\/\/staging.laplanetedesenfants.com\/de\/wp-json\/wp\/v2\/product"}],"about":[{"href":"https:\/\/staging.laplanetedesenfants.com\/de\/wp-json\/wp\/v2\/types\/product"}],"version-history":[{"count":0,"href":"https:\/\/staging.laplanetedesenfants.com\/de\/wp-json\/wp\/v2\/product\/404073\/revisions"}],"wp:featuredmedia":[{"embeddable":true,"href":"https:\/\/staging.laplanetedesenfants.com\/de\/wp-json\/wp\/v2\/media\/404066"}],"wp:attachment":[{"href":"https:\/\/staging.laplanetedesenfants.com\/de\/wp-json\/wp\/v2\/media?parent=404073"}],"wp:term":[{"taxonomy":"product_brand","embeddable":true,"href":"https:\/\/staging.laplanetedesenfants.com\/de\/wp-json\/wp\/v2\/product_brand?post=404073"},{"taxonomy":"product_cat","embeddable":true,"href":"https:\/\/staging.laplanetedesenfants.com\/de\/wp-json\/wp\/v2\/product_cat?post=404073"},{"taxonomy":"product_tag","embeddable":true,"href":"https:\/\/staging.laplanetedesenfants.com\/de\/wp-json\/wp\/v2\/product_tag?post=404073"}],"curies":[{"name":"wp","href":"https:\/\/api.w.org\/{rel}","templated":true}]}}