{"id":415491,"date":"2024-10-17T15:32:55","date_gmt":"2024-10-17T15:32:55","guid":{"rendered":"https:\/\/staging.laplanetedesenfants.com\/product\/cache-cou-violetta-disney\/"},"modified":"2024-10-17T15:32:55","modified_gmt":"2024-10-17T15:32:55","slug":"cache-cou-violetta-disney","status":"publish","type":"product","link":"https:\/\/staging.laplanetedesenfants.com\/de\/produit\/cache-cou-violetta-disney\/","title":{"rendered":"Cache Cou Violetta Disney"},"content":{"rendered":"<p>La Plan\u00e8te des Enfants vous propose ce <span style=\"text-decoration:underline;\"><b>Cache cou <\/b><b><u>Violetta Disney<\/u><\/b><b> <\/b><\/span>doublure micro polaire doux et chaud. Imprim\u00e9 entierement. Mati\u00e8re: 100% polyester. Entretien: lavage \u00e0 40 \u00b0C.<\/p>\n","protected":false},"excerpt":{"rendered":"<p>La Plan\u00e8te des Enfants vous propose ce <span style=\"text-decoration:underline;\"><strong>Cache cou\u00a0<\/strong><\/span><b>Violetta Disney<\/b>\u00a0doublure micro polaire doux et chaud. Imprim\u00e9 entierement. Mati\u00e8re: 100% polyester. Entretien: lavage \u00e0 40 \u00b0C.<\/p>\n","protected":false},"featured_media":415481,"template":"","meta":[],"product_brand":[],"product_cat":[13506,13716,13548,13527,13533,13542,13485,13500,13488],"product_tag":[20743,15008],"class_list":{"0":"post-415491","1":"product","2":"type-product","3":"status-publish","4":"has-post-thumbnail","6":"product_cat-alle-produkte-de","7":"product_cat-cache-oreilles-cache-cou-de","8":"product_cat-herbst-winter-ausverkauf-2023-de","9":"product_cat-jungen-de","10":"product_cat-madchen-de","11":"product_cat-neue-madchenkollektion-de","12":"product_cat-accueil-de","13":"product_cat-weniger-als-5-de","14":"product_cat-accessoires-de","15":"product_tag-cache-cou-violetta-disney","16":"product_tag-violetta-disney","17":"pa_couleur-pink-de","18":"pa_couleur-violet-de","19":"pa_genre-fille-de","21":"first","22":"instock","23":"shipping-taxable","24":"purchasable","25":"product-type-variable","26":"has-default-attributes"},"_links":{"self":[{"href":"https:\/\/staging.laplanetedesenfants.com\/de\/wp-json\/wp\/v2\/product\/415491","targetHints":{"allow":["GET"]}}],"collection":[{"href":"https:\/\/staging.laplanetedesenfants.com\/de\/wp-json\/wp\/v2\/product"}],"about":[{"href":"https:\/\/staging.laplanetedesenfants.com\/de\/wp-json\/wp\/v2\/types\/product"}],"version-history":[{"count":0,"href":"https:\/\/staging.laplanetedesenfants.com\/de\/wp-json\/wp\/v2\/product\/415491\/revisions"}],"wp:featuredmedia":[{"embeddable":true,"href":"https:\/\/staging.laplanetedesenfants.com\/de\/wp-json\/wp\/v2\/media\/415481"}],"wp:attachment":[{"href":"https:\/\/staging.laplanetedesenfants.com\/de\/wp-json\/wp\/v2\/media?parent=415491"}],"wp:term":[{"taxonomy":"product_brand","embeddable":true,"href":"https:\/\/staging.laplanetedesenfants.com\/de\/wp-json\/wp\/v2\/product_brand?post=415491"},{"taxonomy":"product_cat","embeddable":true,"href":"https:\/\/staging.laplanetedesenfants.com\/de\/wp-json\/wp\/v2\/product_cat?post=415491"},{"taxonomy":"product_tag","embeddable":true,"href":"https:\/\/staging.laplanetedesenfants.com\/de\/wp-json\/wp\/v2\/product_tag?post=415491"}],"curies":[{"name":"wp","href":"https:\/\/api.w.org\/{rel}","templated":true}]}}