{"id":418853,"date":"2025-07-03T14:16:00","date_gmt":"2025-07-03T14:16:00","guid":{"rendered":"https:\/\/staging.laplanetedesenfants.com\/product\/wednesday-rucksack-42-cm-ueberlegene-qualitaet\/"},"modified":"2025-07-03T14:16:00","modified_gmt":"2025-07-03T14:16:00","slug":"wednesday-rucksack-42-cm-ueberlegene-qualitaet","status":"publish","type":"product","link":"https:\/\/staging.laplanetedesenfants.com\/de\/produit\/wednesday-rucksack-42-cm-ueberlegene-qualitaet\/","title":{"rendered":"Wednesday Rucksack 42 cm &#8211; \u00dcberlegene Qualit\u00e4t"},"content":{"rendered":"<p>Top Qualit\u00e4t, Ma\u00dfe: 42 x 27 x 20cm<\/p>\n","protected":false},"excerpt":{"rendered":"<h4 class=\"a-size-large a-spacing-none\">Wednesday Rucksack, 2 Hauptf\u00e4cher mit Rei\u00dfverschluss 1 Fach mit Rei\u00dfverschluss vorne, verstellbare Tr\u00e4ger<\/h4>\n<ul>\n<li>Offizielle Kollektion Wednesday Rucksack<\/li>\n<li>Wednesday Rucksack<\/li>\n<li>Top Qualit\u00e4t, Ma\u00dfe: 42 x 27 x 20 cm<\/li>\n<li>2 Hauptfach mit Rei\u00dfverschluss und 1 Hauptfach mit Rei\u00dfverschluss mit 2 Seitentaschen<\/li>\n<li>verstellbare Tr\u00e4ger und verst\u00e4rkt<\/li>\n<li>Rei\u00dfverschluss<br \/>Innenfutter<\/li>\n<\/ul>\n","protected":false},"featured_media":418847,"template":"","meta":[],"product_brand":[],"product_cat":[13545,13527,13533,13542,13536,13575,13494,13485,13503],"product_tag":[19738,21174],"class_list":{"0":"post-418853","1":"product","2":"type-product","3":"status-publish","4":"has-post-thumbnail","6":"product_cat-fruhling-2024-de","7":"product_cat-jungen-de","8":"product_cat-madchen-de","9":"product_cat-neue-madchenkollektion-de","10":"product_cat-promos-de","11":"product_cat-sacs-a-dos-de","12":"product_cat-schule-de","13":"product_cat-accueil-de","14":"product_cat-was-ist-neu-de","15":"product_tag-rucksack","16":"product_tag-wednesday-rucksack-42-cm","17":"pa_genre-fille-de","19":"first","20":"instock","21":"sale","22":"shipping-taxable","23":"purchasable","24":"product-type-simple"},"_links":{"self":[{"href":"https:\/\/staging.laplanetedesenfants.com\/de\/wp-json\/wp\/v2\/product\/418853","targetHints":{"allow":["GET"]}}],"collection":[{"href":"https:\/\/staging.laplanetedesenfants.com\/de\/wp-json\/wp\/v2\/product"}],"about":[{"href":"https:\/\/staging.laplanetedesenfants.com\/de\/wp-json\/wp\/v2\/types\/product"}],"version-history":[{"count":0,"href":"https:\/\/staging.laplanetedesenfants.com\/de\/wp-json\/wp\/v2\/product\/418853\/revisions"}],"wp:featuredmedia":[{"embeddable":true,"href":"https:\/\/staging.laplanetedesenfants.com\/de\/wp-json\/wp\/v2\/media\/418847"}],"wp:attachment":[{"href":"https:\/\/staging.laplanetedesenfants.com\/de\/wp-json\/wp\/v2\/media?parent=418853"}],"wp:term":[{"taxonomy":"product_brand","embeddable":true,"href":"https:\/\/staging.laplanetedesenfants.com\/de\/wp-json\/wp\/v2\/product_brand?post=418853"},{"taxonomy":"product_cat","embeddable":true,"href":"https:\/\/staging.laplanetedesenfants.com\/de\/wp-json\/wp\/v2\/product_cat?post=418853"},{"taxonomy":"product_tag","embeddable":true,"href":"https:\/\/staging.laplanetedesenfants.com\/de\/wp-json\/wp\/v2\/product_tag?post=418853"}],"curies":[{"name":"wp","href":"https:\/\/api.w.org\/{rel}","templated":true}]}}