{"id":419897,"date":"2025-10-14T14:08:54","date_gmt":"2025-10-14T14:08:54","guid":{"rendered":"https:\/\/staging.laplanetedesenfants.com\/product\/hello-kitty-muetze-und-handschuhe-set-2\/"},"modified":"2025-10-14T14:08:54","modified_gmt":"2025-10-14T14:08:54","slug":"hello-kitty-muetze-und-handschuhe-set-2","status":"publish","type":"product","link":"https:\/\/staging.laplanetedesenfants.com\/de\/produit\/hello-kitty-muetze-und-handschuhe-set-2\/","title":{"rendered":"Hello Kitty M\u00fctze und Handschuhe Set"},"content":{"rendered":"<p>Hello Kitty M\u00fctze und Handschuhe. Das Motiv auf der Vorderseite der M\u00fctze ist gestickt und sorgt so f\u00fcr perfekten Sitz. Die Handschuhe sind mit einem Motiv der Heldin bedruckt. Streifen- und dreifarbiges Muster. Einheitsgr\u00f6\u00dfe. Material: 100 % Acryl. Pflege: Waschbar bei 40 \u00b0C.<\/p>\n","protected":false},"excerpt":{"rendered":"<p>Hello Kitty M\u00fctze und Handschuhe. Das Motiv auf der Vorderseite der M\u00fctze ist gestickt und sorgt so f\u00fcr perfekten Sitz. Die Handschuhe sind mit einem Motiv der Heldin bedruckt. Streifen- und dreifarbiges Muster. Einheitsgr\u00f6\u00dfe. Material: 100 % Acryl. Pflege: Waschbar bei 40 \u00b0C.<\/p>\n","protected":false},"featured_media":419881,"template":"","meta":[],"product_brand":[],"product_cat":[13506,13650,13701,13533,13485,13488],"product_tag":[20030,21339],"class_list":{"0":"post-419897","1":"product","2":"type-product","3":"status-publish","4":"has-post-thumbnail","6":"product_cat-alle-produkte-de","7":"product_cat-bonnets-cagoules-de","8":"product_cat-echarpes-gants-bonnets-de","9":"product_cat-madchen-de","10":"product_cat-accueil-de","11":"product_cat-accessoires-de","12":"product_tag-handschuhe-set","13":"product_tag-hello-kitty-muetze","14":"pa_couleur-fuchsia-de","15":"pa_couleur-schwarz-de","16":"pa_genre-fille-de","18":"first","19":"instock","20":"sale","21":"shipping-taxable","22":"purchasable","23":"product-type-variable","24":"has-default-attributes"},"_links":{"self":[{"href":"https:\/\/staging.laplanetedesenfants.com\/de\/wp-json\/wp\/v2\/product\/419897","targetHints":{"allow":["GET"]}}],"collection":[{"href":"https:\/\/staging.laplanetedesenfants.com\/de\/wp-json\/wp\/v2\/product"}],"about":[{"href":"https:\/\/staging.laplanetedesenfants.com\/de\/wp-json\/wp\/v2\/types\/product"}],"version-history":[{"count":0,"href":"https:\/\/staging.laplanetedesenfants.com\/de\/wp-json\/wp\/v2\/product\/419897\/revisions"}],"wp:featuredmedia":[{"embeddable":true,"href":"https:\/\/staging.laplanetedesenfants.com\/de\/wp-json\/wp\/v2\/media\/419881"}],"wp:attachment":[{"href":"https:\/\/staging.laplanetedesenfants.com\/de\/wp-json\/wp\/v2\/media?parent=419897"}],"wp:term":[{"taxonomy":"product_brand","embeddable":true,"href":"https:\/\/staging.laplanetedesenfants.com\/de\/wp-json\/wp\/v2\/product_brand?post=419897"},{"taxonomy":"product_cat","embeddable":true,"href":"https:\/\/staging.laplanetedesenfants.com\/de\/wp-json\/wp\/v2\/product_cat?post=419897"},{"taxonomy":"product_tag","embeddable":true,"href":"https:\/\/staging.laplanetedesenfants.com\/de\/wp-json\/wp\/v2\/product_tag?post=419897"}],"curies":[{"name":"wp","href":"https:\/\/api.w.org\/{rel}","templated":true}]}}