{"id":169517,"date":"2015-12-22T11:30:39","date_gmt":"2015-12-22T11:30:39","guid":{"rendered":"https:\/\/staging.laplanetedesenfants.com\/product\/bonnet-peruvien-mickey\/"},"modified":"2015-12-22T11:30:39","modified_gmt":"2015-12-22T11:30:39","slug":"bonnet-peruvien-mickey","status":"publish","type":"product","link":"https:\/\/staging.laplanetedesenfants.com\/en\/produit\/bonnet-peruvien-mickey\/","title":{"rendered":"Bonnet P\u00e9ruvien Mickey"},"content":{"rendered":"<p>Bonnet p\u00e9ruvien Mickey. Visi\u00e8re piqu\u00e9e. L&#8217;image sur la visi\u00e8re du bonnet est cousue ce qui garantie une tenue parfaite tout au long de son utilisation.Motifs ray\u00e9s et dessins mickey. Doublure micro polaire douce et chaude. Maintien par torsades \u00e0 nouer. Taille unique. Mati\u00e8re: 100% acrylique. Entretien: Lavage \u00e0 40\u00b0C.<\/p>\n","protected":false},"excerpt":{"rendered":"<p>Bonnet p\u00e9ruvien Mickey. Visi\u00e8re piqu\u00e9e. L&#8217;image sur la visi\u00e8re du bonnet est brod\u00e9e ce qui garantie une tenue parfaite tout au long de son utilisation.Motifs ray\u00e9s et dessins mickey. Doublure micro polaire douce et chaude. Maintien par torsades \u00e0 nouer. Taille unique. Mati\u00e8re: 100% acrylique. Entretien: Lavage \u00e0 40\u00b0C.<\/p>\n","protected":false},"featured_media":169483,"template":"","meta":[],"product_brand":[],"product_cat":[13487,13505,13649,13526,13547,13484],"product_tag":[],"class_list":{"0":"post-169517","1":"product","2":"type-product","3":"status-publish","4":"has-post-thumbnail","6":"product_cat-accessoires-en","7":"product_cat-all-products-en","8":"product_cat-bonnets-cagoules-en","9":"product_cat-boys-en","10":"product_cat-fall-winter-2023-en","11":"product_cat-accueil-en","12":"pa_couleur-blue-en","13":"pa_couleur-red-en","14":"pa_genre-garcon-en","15":"pa_poidsenkg-0_150-en","16":"pa_taille-52-en","17":"pa_taille-54-en","19":"first","20":"instock","21":"sale","22":"shipping-taxable","23":"purchasable","24":"product-type-variable"},"_links":{"self":[{"href":"https:\/\/staging.laplanetedesenfants.com\/en\/wp-json\/wp\/v2\/product\/169517","targetHints":{"allow":["GET"]}}],"collection":[{"href":"https:\/\/staging.laplanetedesenfants.com\/en\/wp-json\/wp\/v2\/product"}],"about":[{"href":"https:\/\/staging.laplanetedesenfants.com\/en\/wp-json\/wp\/v2\/types\/product"}],"version-history":[{"count":0,"href":"https:\/\/staging.laplanetedesenfants.com\/en\/wp-json\/wp\/v2\/product\/169517\/revisions"}],"wp:featuredmedia":[{"embeddable":true,"href":"https:\/\/staging.laplanetedesenfants.com\/en\/wp-json\/wp\/v2\/media\/169483"}],"wp:attachment":[{"href":"https:\/\/staging.laplanetedesenfants.com\/en\/wp-json\/wp\/v2\/media?parent=169517"}],"wp:term":[{"taxonomy":"product_brand","embeddable":true,"href":"https:\/\/staging.laplanetedesenfants.com\/en\/wp-json\/wp\/v2\/product_brand?post=169517"},{"taxonomy":"product_cat","embeddable":true,"href":"https:\/\/staging.laplanetedesenfants.com\/en\/wp-json\/wp\/v2\/product_cat?post=169517"},{"taxonomy":"product_tag","embeddable":true,"href":"https:\/\/staging.laplanetedesenfants.com\/en\/wp-json\/wp\/v2\/product_tag?post=169517"}],"curies":[{"name":"wp","href":"https:\/\/api.w.org\/{rel}","templated":true}]}}