{"id":169852,"date":"2015-12-22T11:39:05","date_gmt":"2015-12-22T11:39:05","guid":{"rendered":"https:\/\/staging.laplanetedesenfants.com\/product\/pyjama-polaire-mickey\/"},"modified":"2015-12-22T11:39:05","modified_gmt":"2015-12-22T11:39:05","slug":"pyjama-polaire-mickey","status":"publish","type":"product","link":"https:\/\/staging.laplanetedesenfants.com\/en\/produit\/pyjama-polaire-mickey\/","title":{"rendered":"Pyjama Polaire Mickey"},"content":{"rendered":"<p>Ensemble pyjama polaire Mickey chaud et doud. Col tunisien \u00e0 bouton. Couleurs contrastantes aux finitions. Mati\u00e8re : 100% polyester. Entretien: lavage \u00e0 40\u00b0C.<\/p>\n","protected":false},"excerpt":{"rendered":"<p>Ensemble pyjama polaire Mickey chaud et doud. Col tunisien \u00e0 bouton. Couleurs contrastantes aux finitions. Mati\u00e8re : 100% polyester. Entretien: lavage \u00e0 40\u00b0C.<\/p>\n","protected":false},"featured_media":169786,"template":"","meta":[],"product_brand":[],"product_cat":[13505,13526,13547,13484,13625],"product_tag":[],"class_list":{"0":"post-169852","1":"product","2":"type-product","3":"status-publish","4":"has-post-thumbnail","6":"product_cat-all-products-en","7":"product_cat-boys-en","8":"product_cat-fall-winter-2023-en","9":"product_cat-accueil-en","10":"product_cat-pyjamas-en","11":"pa_couleur-blue-en","12":"pa_couleur-ciel-en","13":"pa_genre-garcon-en","14":"pa_taille-3ans_98cm-en","15":"pa_taille-4ans_104cm-en","16":"pa_taille-5ans_110cm-en","17":"pa_taille-6ans_116cm-en","18":"pa_taille-8ans_128cm-en","20":"first","21":"instock","22":"shipping-taxable","23":"purchasable","24":"product-type-variable","25":"has-default-attributes"},"_links":{"self":[{"href":"https:\/\/staging.laplanetedesenfants.com\/en\/wp-json\/wp\/v2\/product\/169852","targetHints":{"allow":["GET"]}}],"collection":[{"href":"https:\/\/staging.laplanetedesenfants.com\/en\/wp-json\/wp\/v2\/product"}],"about":[{"href":"https:\/\/staging.laplanetedesenfants.com\/en\/wp-json\/wp\/v2\/types\/product"}],"version-history":[{"count":0,"href":"https:\/\/staging.laplanetedesenfants.com\/en\/wp-json\/wp\/v2\/product\/169852\/revisions"}],"wp:featuredmedia":[{"embeddable":true,"href":"https:\/\/staging.laplanetedesenfants.com\/en\/wp-json\/wp\/v2\/media\/169786"}],"wp:attachment":[{"href":"https:\/\/staging.laplanetedesenfants.com\/en\/wp-json\/wp\/v2\/media?parent=169852"}],"wp:term":[{"taxonomy":"product_brand","embeddable":true,"href":"https:\/\/staging.laplanetedesenfants.com\/en\/wp-json\/wp\/v2\/product_brand?post=169852"},{"taxonomy":"product_cat","embeddable":true,"href":"https:\/\/staging.laplanetedesenfants.com\/en\/wp-json\/wp\/v2\/product_cat?post=169852"},{"taxonomy":"product_tag","embeddable":true,"href":"https:\/\/staging.laplanetedesenfants.com\/en\/wp-json\/wp\/v2\/product_tag?post=169852"}],"curies":[{"name":"wp","href":"https:\/\/api.w.org\/{rel}","templated":true}]}}