{"id":170272,"date":"2015-12-22T11:49:06","date_gmt":"2015-12-22T11:49:06","guid":{"rendered":"https:\/\/staging.laplanetedesenfants.com\/product\/boxer-de-bain-mickey\/"},"modified":"2015-12-22T11:49:06","modified_gmt":"2015-12-22T11:49:06","slug":"boxer-de-bain-mickey","status":"publish","type":"product","link":"https:\/\/staging.laplanetedesenfants.com\/en\/produit\/boxer-de-bain-mickey\/","title":{"rendered":"Boxer de Bain Mickey"},"content":{"rendered":"<p>Boxer de bain Mickey. Taille et finition \u00e9lastique. Lacets internes au niveau de la taille \u00e0 reserrer. Mati\u00e8re: 40% polyamide, 40% polyester, 20% elasthane. Entretien: lavage \u00e0 40 \u00b0C<\/p>\n","protected":false},"excerpt":{"rendered":"<p>Boxer de bain Mickey. Taille et finition \u00e9lastique. Lacets internes au niveau de la taille \u00e0 reserrer. Mati\u00e8re: 40% polyamide, 40% polyester, 20% elasthane. Entretien: lavage \u00e0 40 \u00b0C<\/p>\n","protected":false},"featured_media":170204,"template":"","meta":[],"product_brand":[],"product_cat":[13487,13505,13511,13526,13484,13538,13535,13508,13703,13502],"product_tag":[],"class_list":{"0":"post-170272","1":"product","2":"type-product","3":"status-publish","4":"has-post-thumbnail","6":"product_cat-accessoires-en","7":"product_cat-all-products-en","8":"product_cat-beach-en","9":"product_cat-boys-en","10":"product_cat-accueil-en","11":"product_cat-new-boys-collection-en","12":"product_cat-promos-en","13":"product_cat-summer-en","14":"product_cat-swim-wears-en","15":"product_cat-what-s-new-en","16":"pa_couleur-blue-en","17":"pa_couleur-red-en","18":"pa_genre-garcon-en","19":"pa_taille-3ans_98cm-en","20":"pa_taille-4ans_104cm-en","21":"pa_taille-5ans_110cm-en","22":"pa_taille-6ans_116cm-en","23":"pa_taille-8ans_128cm-en","25":"first","26":"instock","27":"sale","28":"shipping-taxable","29":"purchasable","30":"product-type-variable","31":"has-default-attributes"},"_links":{"self":[{"href":"https:\/\/staging.laplanetedesenfants.com\/en\/wp-json\/wp\/v2\/product\/170272","targetHints":{"allow":["GET"]}}],"collection":[{"href":"https:\/\/staging.laplanetedesenfants.com\/en\/wp-json\/wp\/v2\/product"}],"about":[{"href":"https:\/\/staging.laplanetedesenfants.com\/en\/wp-json\/wp\/v2\/types\/product"}],"version-history":[{"count":0,"href":"https:\/\/staging.laplanetedesenfants.com\/en\/wp-json\/wp\/v2\/product\/170272\/revisions"}],"wp:featuredmedia":[{"embeddable":true,"href":"https:\/\/staging.laplanetedesenfants.com\/en\/wp-json\/wp\/v2\/media\/170204"}],"wp:attachment":[{"href":"https:\/\/staging.laplanetedesenfants.com\/en\/wp-json\/wp\/v2\/media?parent=170272"}],"wp:term":[{"taxonomy":"product_brand","embeddable":true,"href":"https:\/\/staging.laplanetedesenfants.com\/en\/wp-json\/wp\/v2\/product_brand?post=170272"},{"taxonomy":"product_cat","embeddable":true,"href":"https:\/\/staging.laplanetedesenfants.com\/en\/wp-json\/wp\/v2\/product_cat?post=170272"},{"taxonomy":"product_tag","embeddable":true,"href":"https:\/\/staging.laplanetedesenfants.com\/en\/wp-json\/wp\/v2\/product_tag?post=170272"}],"curies":[{"name":"wp","href":"https:\/\/api.w.org\/{rel}","templated":true}]}}