{"id":178679,"date":"2015-12-22T12:54:13","date_gmt":"2015-12-22T12:54:13","guid":{"rendered":"https:\/\/staging.laplanetedesenfants.com\/product\/boxer-de-bain-spiderman\/"},"modified":"2015-12-22T12:54:13","modified_gmt":"2015-12-22T12:54:13","slug":"boxer-de-bain-spiderman","status":"publish","type":"product","link":"https:\/\/staging.laplanetedesenfants.com\/en\/produit\/boxer-de-bain-spiderman\/","title":{"rendered":"Boxer de Bain Spiderman"},"content":{"rendered":"<p>Boxer de bain Spiderman. Taille et finition \u00e9lastique. Lacets internes au niveau de la taille \u00e0 reserrer. Mati\u00e8re: 40% polyamide, 40% polyester, 20% elasthane. Entretien: lavage \u00e0 40 \u00b0C<\/p>\n","protected":false},"excerpt":{"rendered":"<p>Boxer de bain Spiderman. Taille et finition \u00e9lastique. Lacets internes au niveau de la taille \u00e0 reserrer. Mati\u00e8re: 40% polyamide, 40% polyester, 20% elasthane. Entretien: lavage \u00e0 40 \u00b0C<\/p>\n","protected":false},"featured_media":178564,"template":"","meta":[],"product_brand":[],"product_cat":[13487,13505,13511,13526,13484,13508,13703,13502],"product_tag":[],"class_list":{"0":"post-178679","1":"product","2":"type-product","3":"status-publish","4":"has-post-thumbnail","6":"product_cat-accessoires-en","7":"product_cat-all-products-en","8":"product_cat-beach-en","9":"product_cat-boys-en","10":"product_cat-accueil-en","11":"product_cat-summer-en","12":"product_cat-swim-wears-en","13":"product_cat-what-s-new-en","14":"pa_couleur-blue-en","15":"pa_couleur-marine-en","16":"pa_couleur-red-en","17":"pa_genre-garcon-en","18":"pa_taille-3ans_98cm-en","19":"pa_taille-4ans_104cm-en","20":"pa_taille-5ans_110cm-en","21":"pa_taille-6ans_116cm-en","22":"pa_taille-7ans_122cm-en","23":"pa_taille-8ans_128cm-en","25":"first","26":"instock","27":"sale","28":"shipping-taxable","29":"purchasable","30":"product-type-variable","31":"has-default-attributes"},"_links":{"self":[{"href":"https:\/\/staging.laplanetedesenfants.com\/en\/wp-json\/wp\/v2\/product\/178679","targetHints":{"allow":["GET"]}}],"collection":[{"href":"https:\/\/staging.laplanetedesenfants.com\/en\/wp-json\/wp\/v2\/product"}],"about":[{"href":"https:\/\/staging.laplanetedesenfants.com\/en\/wp-json\/wp\/v2\/types\/product"}],"version-history":[{"count":0,"href":"https:\/\/staging.laplanetedesenfants.com\/en\/wp-json\/wp\/v2\/product\/178679\/revisions"}],"wp:featuredmedia":[{"embeddable":true,"href":"https:\/\/staging.laplanetedesenfants.com\/en\/wp-json\/wp\/v2\/media\/178564"}],"wp:attachment":[{"href":"https:\/\/staging.laplanetedesenfants.com\/en\/wp-json\/wp\/v2\/media?parent=178679"}],"wp:term":[{"taxonomy":"product_brand","embeddable":true,"href":"https:\/\/staging.laplanetedesenfants.com\/en\/wp-json\/wp\/v2\/product_brand?post=178679"},{"taxonomy":"product_cat","embeddable":true,"href":"https:\/\/staging.laplanetedesenfants.com\/en\/wp-json\/wp\/v2\/product_cat?post=178679"},{"taxonomy":"product_tag","embeddable":true,"href":"https:\/\/staging.laplanetedesenfants.com\/en\/wp-json\/wp\/v2\/product_tag?post=178679"}],"curies":[{"name":"wp","href":"https:\/\/api.w.org\/{rel}","templated":true}]}}