{"id":179479,"date":"2015-12-22T12:55:48","date_gmt":"2015-12-22T12:55:48","guid":{"rendered":"https:\/\/staging.laplanetedesenfants.com\/product\/jogging-spiderman\/"},"modified":"2015-12-22T12:55:48","modified_gmt":"2015-12-22T12:55:48","slug":"jogging-spiderman","status":"publish","type":"product","link":"https:\/\/staging.laplanetedesenfants.com\/en\/produit\/jogging-spiderman\/","title":{"rendered":"Jogging Spiderman"},"content":{"rendered":"<p>Ensemble jogging Spiderman. Sweet zip\u00e9 de couleurs contrast\u00e9es, image de h\u00e9ros devant. Couleurs contrastantes et ray\u00e9es sur le col les poign\u00e9es et la taille. Finitions \u00e9lastiqu\u00e9es. Deux poches. Int\u00e9rieur polaire pour un contact chaud et doux. Pour le jogging: Uni aux finitions de couleurs contrast\u00e9es et ray\u00e9es. Finitions \u00e9lastiqu\u00e9es. Iange du h\u00e9ros sur la cuisse. Deux poches. Int\u00e9rieur polaire pour un contact chaud et doux. Mati\u00e8re: 100% polyester. Entretien: Lavage \u00e0 40 \u00b0C.<\/p>\n","protected":false},"excerpt":{"rendered":"<p>Ensemble jogging Spiderman. Sweet zip\u00e9 de couleurs contrast\u00e9es, image de h\u00e9ros devant. Couleurs contrastantes et ray\u00e9es sur le col les poign\u00e9es et la taille. Finitions \u00e9lastiqu\u00e9es. Deux poches. Int\u00e9rieur polaire pour un contact chaud et doux.<\/p>\n","protected":false},"featured_media":179403,"template":"","meta":[],"product_brand":[],"product_cat":[13505,13526,13484,13601,13779,13538,13502],"product_tag":[],"class_list":{"0":"post-179479","1":"product","2":"type-product","3":"status-publish","4":"has-post-thumbnail","6":"product_cat-all-products-en","7":"product_cat-boys-en","8":"product_cat-accueil-en","9":"product_cat-joggings-en","10":"product_cat-new-boys-collection-en","12":"product_cat-what-s-new-en","13":"pa_couleur-blue-en","14":"pa_couleur-grey-en","15":"pa_genre-garcon-en","16":"pa_taille-3ans_98cm-en","17":"pa_taille-4ans_104cm-en","18":"pa_taille-5ans_110cm-en","19":"pa_taille-6ans_116cm-en","20":"pa_taille-8ans_128cm-en","22":"first","23":"instock","24":"shipping-taxable","25":"purchasable","26":"product-type-variable","27":"has-default-attributes"},"_links":{"self":[{"href":"https:\/\/staging.laplanetedesenfants.com\/en\/wp-json\/wp\/v2\/product\/179479","targetHints":{"allow":["GET"]}}],"collection":[{"href":"https:\/\/staging.laplanetedesenfants.com\/en\/wp-json\/wp\/v2\/product"}],"about":[{"href":"https:\/\/staging.laplanetedesenfants.com\/en\/wp-json\/wp\/v2\/types\/product"}],"version-history":[{"count":0,"href":"https:\/\/staging.laplanetedesenfants.com\/en\/wp-json\/wp\/v2\/product\/179479\/revisions"}],"wp:featuredmedia":[{"embeddable":true,"href":"https:\/\/staging.laplanetedesenfants.com\/en\/wp-json\/wp\/v2\/media\/179403"}],"wp:attachment":[{"href":"https:\/\/staging.laplanetedesenfants.com\/en\/wp-json\/wp\/v2\/media?parent=179479"}],"wp:term":[{"taxonomy":"product_brand","embeddable":true,"href":"https:\/\/staging.laplanetedesenfants.com\/en\/wp-json\/wp\/v2\/product_brand?post=179479"},{"taxonomy":"product_cat","embeddable":true,"href":"https:\/\/staging.laplanetedesenfants.com\/en\/wp-json\/wp\/v2\/product_cat?post=179479"},{"taxonomy":"product_tag","embeddable":true,"href":"https:\/\/staging.laplanetedesenfants.com\/en\/wp-json\/wp\/v2\/product_tag?post=179479"}],"curies":[{"name":"wp","href":"https:\/\/api.w.org\/{rel}","templated":true}]}}