{"id":181956,"date":"2015-12-22T13:18:47","date_gmt":"2015-12-22T13:18:47","guid":{"rendered":"https:\/\/staging.laplanetedesenfants.com\/product\/maillot-de-bain-violetta\/"},"modified":"2015-12-22T13:18:47","modified_gmt":"2015-12-22T13:18:47","slug":"maillot-de-bain-violetta","status":"publish","type":"product","link":"https:\/\/staging.laplanetedesenfants.com\/en\/produit\/maillot-de-bain-violetta\/","title":{"rendered":"Maillot de Bain Violetta"},"content":{"rendered":"<p>Maillot de bain Violetta, une pi\u00e8ce. Fine bretelle. Couleurs contrastantes entre l&#8217;avant . Image au devant. Ouverture au dessus de la poitrine en forme de cercle d&#8217;o\u00f9 sont maintenues les bretelles. Taille \u00e9lastique. Volant au niveau des cuisses. Fond doubl\u00e9. Mati\u00e8re: 40% polyamide, 40% polyester, 20% elasthane. Entretien: Lavage \u00e0 40\u00b0C.<\/p>\n","protected":false},"excerpt":{"rendered":"<p>Maillot de bain Violetta, une pi\u00e8ce. Fine bretelle. Couleurs contrastantes entre l&#8217;avant . Image au devant. Ouverture au dessus de la poitrine en forme de cercle d&#8217;o\u00f9 sont maintenues les bretelles. Taille \u00e9lastique. Volant au niveau des cuisses. Fond doubl\u00e9. Mati\u00e8re: 40% polyamide, 40% polyester, 20% elasthane. Entretien: Lavage \u00e0 40\u00b0C.<\/p>\n","protected":false},"featured_media":181892,"template":"","meta":[],"product_brand":[],"product_cat":[13487,13505,13511,13484,13499,13794,13535,13508,13502],"product_tag":[],"class_list":{"0":"post-181956","1":"product","2":"type-product","3":"status-publish","4":"has-post-thumbnail","6":"product_cat-accessoires-en","7":"product_cat-all-products-en","8":"product_cat-beach-en","9":"product_cat-accueil-en","10":"product_cat-less-than-5-en","11":"product_cat-maillots-de-bain-en","12":"product_cat-promos-en","13":"product_cat-summer-en","14":"product_cat-what-s-new-en","15":"pa_couleur-fuchsia-en","16":"pa_couleur-violet-en","17":"pa_genre-fille-en","18":"pa_taille-10ans_140cm-en","19":"pa_taille-12ans_152cm-en","20":"pa_taille-4ans_104cm-en","21":"pa_taille-6ans_116cm-en","22":"pa_taille-8ans_128cm-en","24":"first","25":"instock","26":"sale","27":"shipping-taxable","28":"purchasable","29":"product-type-variable"},"_links":{"self":[{"href":"https:\/\/staging.laplanetedesenfants.com\/en\/wp-json\/wp\/v2\/product\/181956","targetHints":{"allow":["GET"]}}],"collection":[{"href":"https:\/\/staging.laplanetedesenfants.com\/en\/wp-json\/wp\/v2\/product"}],"about":[{"href":"https:\/\/staging.laplanetedesenfants.com\/en\/wp-json\/wp\/v2\/types\/product"}],"version-history":[{"count":0,"href":"https:\/\/staging.laplanetedesenfants.com\/en\/wp-json\/wp\/v2\/product\/181956\/revisions"}],"wp:featuredmedia":[{"embeddable":true,"href":"https:\/\/staging.laplanetedesenfants.com\/en\/wp-json\/wp\/v2\/media\/181892"}],"wp:attachment":[{"href":"https:\/\/staging.laplanetedesenfants.com\/en\/wp-json\/wp\/v2\/media?parent=181956"}],"wp:term":[{"taxonomy":"product_brand","embeddable":true,"href":"https:\/\/staging.laplanetedesenfants.com\/en\/wp-json\/wp\/v2\/product_brand?post=181956"},{"taxonomy":"product_cat","embeddable":true,"href":"https:\/\/staging.laplanetedesenfants.com\/en\/wp-json\/wp\/v2\/product_cat?post=181956"},{"taxonomy":"product_tag","embeddable":true,"href":"https:\/\/staging.laplanetedesenfants.com\/en\/wp-json\/wp\/v2\/product_tag?post=181956"}],"curies":[{"name":"wp","href":"https:\/\/api.w.org\/{rel}","templated":true}]}}