{"id":183091,"date":"2016-01-04T12:45:54","date_gmt":"2016-01-04T12:45:54","guid":{"rendered":"https:\/\/staging.laplanetedesenfants.com\/product\/trolley-cars-2\/"},"modified":"2016-01-04T12:45:54","modified_gmt":"2016-01-04T12:45:54","slug":"trolley-cars-2","status":"publish","type":"product","link":"https:\/\/staging.laplanetedesenfants.com\/en\/produit\/trolley-cars-2\/","title":{"rendered":"Trolley Cars"},"content":{"rendered":"<p>Sac \u00e0 dos trolley Cars Qualit\u00e9 sup\u00e9rieure &#8211; Mat\u00e9riaux de haute qualit\u00e9 &#8211; Imperm\u00e9able \u00e0 l&#8217;eau &#8211; Roues en gomme pour renforcer le confort et diminuer le bruit &#8211; 3 compartiments spacieux zipp\u00e9s &#8211; Fond et dossier rembourr\u00e9s &#8211; 2 poches lat\u00e9rales &#8211; Larges bretelles renforc\u00e9es &#8211; Poign\u00e9e de transport \u00e0 la main Dimension : 47X35X18 cm<\/p>\n","protected":false},"excerpt":{"rendered":"<p>Sac \u00e0 dos trolley Cars Qualit\u00e9 sup\u00e9rieure &#8211; Mat\u00e9riaux de haute qualit\u00e9 &#8211; Imperm\u00e9able \u00e0 l&#8217;eau &#8211; Roues en gomme pour renforcer le confort et diminuer le bruit &#8211; 3 compartiments spacieux zipp\u00e9s &#8211; Fond et dossier rembourr\u00e9s &#8211; 2 poches lat\u00e9rales &#8211; Larges bretelles renforc\u00e9es &#8211; Poign\u00e9e de transport \u00e0 la main Dimension : 47X35X18 cm<\/p>\n","protected":false},"featured_media":183085,"template":"","meta":[],"product_brand":[],"product_cat":[13505,13484,13493,13589],"product_tag":[],"class_list":{"0":"post-183091","1":"product","2":"type-product","3":"status-publish","4":"has-post-thumbnail","6":"product_cat-all-products-en","7":"product_cat-accueil-en","8":"product_cat-school-en","9":"product_cat-trolleys-en","10":"pa_genre-garcon-en","12":"first","13":"instock","14":"sale","15":"shipping-taxable","16":"purchasable","17":"product-type-simple"},"_links":{"self":[{"href":"https:\/\/staging.laplanetedesenfants.com\/en\/wp-json\/wp\/v2\/product\/183091","targetHints":{"allow":["GET"]}}],"collection":[{"href":"https:\/\/staging.laplanetedesenfants.com\/en\/wp-json\/wp\/v2\/product"}],"about":[{"href":"https:\/\/staging.laplanetedesenfants.com\/en\/wp-json\/wp\/v2\/types\/product"}],"version-history":[{"count":0,"href":"https:\/\/staging.laplanetedesenfants.com\/en\/wp-json\/wp\/v2\/product\/183091\/revisions"}],"wp:featuredmedia":[{"embeddable":true,"href":"https:\/\/staging.laplanetedesenfants.com\/en\/wp-json\/wp\/v2\/media\/183085"}],"wp:attachment":[{"href":"https:\/\/staging.laplanetedesenfants.com\/en\/wp-json\/wp\/v2\/media?parent=183091"}],"wp:term":[{"taxonomy":"product_brand","embeddable":true,"href":"https:\/\/staging.laplanetedesenfants.com\/en\/wp-json\/wp\/v2\/product_brand?post=183091"},{"taxonomy":"product_cat","embeddable":true,"href":"https:\/\/staging.laplanetedesenfants.com\/en\/wp-json\/wp\/v2\/product_cat?post=183091"},{"taxonomy":"product_tag","embeddable":true,"href":"https:\/\/staging.laplanetedesenfants.com\/en\/wp-json\/wp\/v2\/product_tag?post=183091"}],"curies":[{"name":"wp","href":"https:\/\/api.w.org\/{rel}","templated":true}]}}