{"id":183153,"date":"2016-01-04T13:05:16","date_gmt":"2016-01-04T13:05:16","guid":{"rendered":"https:\/\/staging.laplanetedesenfants.com\/product\/sac-a-dos-la-reine-des-neiges-3\/"},"modified":"2016-01-04T13:05:16","modified_gmt":"2016-01-04T13:05:16","slug":"sac-a-dos-la-reine-des-neiges-3","status":"publish","type":"product","link":"https:\/\/staging.laplanetedesenfants.com\/en\/produit\/sac-a-dos-la-reine-des-neiges-3\/","title":{"rendered":"Sac \u00e0 Dos La Reine des Neiges 25 cm"},"content":{"rendered":"<p>Sac \u00e0 Dos La Reine des Neiges Sac \u00e0 dos Frozen 25 cm qualit\u00e9 sup\u00e9rieure, des bretelles r\u00e9glables larges souples, un sac \u00e0 dos \u00e9quip\u00e9 de r\u00e9flecteurs. Bonne finition et des mat\u00e9riaux de haute qualit\u00e9. Dimensions: Hauteur 25cm, largeur 21cm, profondeur 11 cm.<\/p>\n","protected":false},"excerpt":{"rendered":"<p>Sac \u00e0 Dos La Reine des Neiges Sac \u00e0 dos Frozen 25 cm qualit\u00e9 sup\u00e9rieure, des bretelles r\u00e9glables larges souples, un sac \u00e0 dos \u00e9quip\u00e9 de r\u00e9flecteurs. Bonne finition et des mat\u00e9riaux de haute qualit\u00e9. Dimensions: Hauteur 25cm, largeur 21cm, profondeur 11 cm.<\/p>\n","protected":false},"featured_media":183145,"template":"","meta":[],"product_brand":[],"product_cat":[13505,13484,13574,13493],"product_tag":[],"class_list":{"0":"post-183153","1":"product","2":"type-product","3":"status-publish","4":"has-post-thumbnail","6":"product_cat-all-products-en","7":"product_cat-accueil-en","8":"product_cat-sacs-a-dos-en","9":"product_cat-school-en","10":"pa_genre-fille-en","12":"first","13":"instock","14":"sale","15":"shipping-taxable","16":"purchasable","17":"product-type-simple"},"_links":{"self":[{"href":"https:\/\/staging.laplanetedesenfants.com\/en\/wp-json\/wp\/v2\/product\/183153","targetHints":{"allow":["GET"]}}],"collection":[{"href":"https:\/\/staging.laplanetedesenfants.com\/en\/wp-json\/wp\/v2\/product"}],"about":[{"href":"https:\/\/staging.laplanetedesenfants.com\/en\/wp-json\/wp\/v2\/types\/product"}],"version-history":[{"count":0,"href":"https:\/\/staging.laplanetedesenfants.com\/en\/wp-json\/wp\/v2\/product\/183153\/revisions"}],"wp:featuredmedia":[{"embeddable":true,"href":"https:\/\/staging.laplanetedesenfants.com\/en\/wp-json\/wp\/v2\/media\/183145"}],"wp:attachment":[{"href":"https:\/\/staging.laplanetedesenfants.com\/en\/wp-json\/wp\/v2\/media?parent=183153"}],"wp:term":[{"taxonomy":"product_brand","embeddable":true,"href":"https:\/\/staging.laplanetedesenfants.com\/en\/wp-json\/wp\/v2\/product_brand?post=183153"},{"taxonomy":"product_cat","embeddable":true,"href":"https:\/\/staging.laplanetedesenfants.com\/en\/wp-json\/wp\/v2\/product_cat?post=183153"},{"taxonomy":"product_tag","embeddable":true,"href":"https:\/\/staging.laplanetedesenfants.com\/en\/wp-json\/wp\/v2\/product_tag?post=183153"}],"curies":[{"name":"wp","href":"https:\/\/api.w.org\/{rel}","templated":true}]}}