{"id":183331,"date":"2016-01-04T13:20:10","date_gmt":"2016-01-04T13:20:10","guid":{"rendered":"https:\/\/staging.laplanetedesenfants.com\/product\/sac-isotherme-violetta-2\/"},"modified":"2016-01-04T13:20:10","modified_gmt":"2016-01-04T13:20:10","slug":"sac-isotherme-violetta-2","status":"publish","type":"product","link":"https:\/\/staging.laplanetedesenfants.com\/en\/produit\/sac-isotherme-violetta-2\/","title":{"rendered":"Sac Isotherme Violetta"},"content":{"rendered":"<p>La Plan\u00e8te des Enfants vous propose ce Sac Isotherme Violetta de qualit\u00e9 sup\u00e9rieure comprenant 2 compartiment, id\u00e9al pour les sorties de votre enfant.\u00a0<\/p>\n<p>Dimension : H15 X L20 XP14<\/p>\n","protected":false},"excerpt":{"rendered":"<p>La Plan\u00e8te des Enfants vous propose ce Sac Isotherme Violetta de qualit\u00e9 sup\u00e9rieure comprenant 2 compartiment, id\u00e9al pour les sorties de votre enfant.\u00a0<\/p>\n<p>Dimension : H15 X L20 XP14<\/p>\n","protected":false},"featured_media":183324,"template":"","meta":[],"product_brand":[],"product_cat":[13505,13484,13607,13493],"product_tag":[],"class_list":{"0":"post-183331","1":"product","2":"type-product","3":"status-publish","4":"has-post-thumbnail","6":"product_cat-all-products-en","7":"product_cat-accueil-en","8":"product_cat-sacs-besaces-en","9":"product_cat-school-en","10":"pa_genre-fille-en","12":"first","13":"instock","14":"sale","15":"shipping-taxable","16":"purchasable","17":"product-type-simple"},"_links":{"self":[{"href":"https:\/\/staging.laplanetedesenfants.com\/en\/wp-json\/wp\/v2\/product\/183331","targetHints":{"allow":["GET"]}}],"collection":[{"href":"https:\/\/staging.laplanetedesenfants.com\/en\/wp-json\/wp\/v2\/product"}],"about":[{"href":"https:\/\/staging.laplanetedesenfants.com\/en\/wp-json\/wp\/v2\/types\/product"}],"version-history":[{"count":0,"href":"https:\/\/staging.laplanetedesenfants.com\/en\/wp-json\/wp\/v2\/product\/183331\/revisions"}],"wp:featuredmedia":[{"embeddable":true,"href":"https:\/\/staging.laplanetedesenfants.com\/en\/wp-json\/wp\/v2\/media\/183324"}],"wp:attachment":[{"href":"https:\/\/staging.laplanetedesenfants.com\/en\/wp-json\/wp\/v2\/media?parent=183331"}],"wp:term":[{"taxonomy":"product_brand","embeddable":true,"href":"https:\/\/staging.laplanetedesenfants.com\/en\/wp-json\/wp\/v2\/product_brand?post=183331"},{"taxonomy":"product_cat","embeddable":true,"href":"https:\/\/staging.laplanetedesenfants.com\/en\/wp-json\/wp\/v2\/product_cat?post=183331"},{"taxonomy":"product_tag","embeddable":true,"href":"https:\/\/staging.laplanetedesenfants.com\/en\/wp-json\/wp\/v2\/product_tag?post=183331"}],"curies":[{"name":"wp","href":"https:\/\/api.w.org\/{rel}","templated":true}]}}