{"id":183365,"date":"2016-01-04T13:32:25","date_gmt":"2016-01-04T13:32:25","guid":{"rendered":"https:\/\/staging.laplanetedesenfants.com\/product\/sac-a-dos-violetta-5\/"},"modified":"2016-01-04T13:32:25","modified_gmt":"2016-01-04T13:32:25","slug":"sac-a-dos-violetta-5","status":"publish","type":"product","link":"https:\/\/staging.laplanetedesenfants.com\/en\/produit\/sac-a-dos-violetta-5\/","title":{"rendered":"Sac \u00e0 Dos Violetta Dance 25 cm"},"content":{"rendered":"<p>Sac \u00e0 dos Violetta Disney 25 cm qualit\u00e9 sup\u00e9rieure, des bretelles r\u00e9glables larges souples, un sac \u00e0 dos \u00e9quip\u00e9 de r\u00e9flecteurs, d\u00e9cor\u00e9es avec des personnages de Violetta, bonne finition et des mat\u00e9riaux de haute qualit\u00e9. . Dimensions: Hauteur 25cm, largeur 21cm, profondeur 11 cm.<\/p>\n","protected":false},"excerpt":{"rendered":"<p>Sac \u00e0 dos Violetta Disney 25 cm qualit\u00e9 sup\u00e9rieure, des bretelles r\u00e9glables larges souples, un sac \u00e0 dos \u00e9quip\u00e9 de r\u00e9flecteurs, d\u00e9cor\u00e9es avec des personnages de Violetta, bonne finition et des mat\u00e9riaux de haute qualit\u00e9. . Dimensions: Hauteur 25cm, largeur 21cm, profondeur 11 cm.<\/p>\n","protected":false},"featured_media":183359,"template":"","meta":[],"product_brand":[],"product_cat":[13483],"product_tag":[],"class_list":{"0":"post-183365","1":"product","2":"type-product","3":"status-publish","4":"has-post-thumbnail","6":"product_cat-accueil","8":"first","9":"instock","10":"sale","11":"shipping-taxable","12":"purchasable","13":"product-type-simple"},"_links":{"self":[{"href":"https:\/\/staging.laplanetedesenfants.com\/en\/wp-json\/wp\/v2\/product\/183365","targetHints":{"allow":["GET"]}}],"collection":[{"href":"https:\/\/staging.laplanetedesenfants.com\/en\/wp-json\/wp\/v2\/product"}],"about":[{"href":"https:\/\/staging.laplanetedesenfants.com\/en\/wp-json\/wp\/v2\/types\/product"}],"version-history":[{"count":0,"href":"https:\/\/staging.laplanetedesenfants.com\/en\/wp-json\/wp\/v2\/product\/183365\/revisions"}],"wp:featuredmedia":[{"embeddable":true,"href":"https:\/\/staging.laplanetedesenfants.com\/en\/wp-json\/wp\/v2\/media\/183359"}],"wp:attachment":[{"href":"https:\/\/staging.laplanetedesenfants.com\/en\/wp-json\/wp\/v2\/media?parent=183365"}],"wp:term":[{"taxonomy":"product_brand","embeddable":true,"href":"https:\/\/staging.laplanetedesenfants.com\/en\/wp-json\/wp\/v2\/product_brand?post=183365"},{"taxonomy":"product_cat","embeddable":true,"href":"https:\/\/staging.laplanetedesenfants.com\/en\/wp-json\/wp\/v2\/product_cat?post=183365"},{"taxonomy":"product_tag","embeddable":true,"href":"https:\/\/staging.laplanetedesenfants.com\/en\/wp-json\/wp\/v2\/product_tag?post=183365"}],"curies":[{"name":"wp","href":"https:\/\/api.w.org\/{rel}","templated":true}]}}