{"id":184534,"date":"2016-02-03T11:21:39","date_gmt":"2016-02-03T11:21:39","guid":{"rendered":"https:\/\/staging.laplanetedesenfants.com\/product\/maillot-de-bain-minnie-4\/"},"modified":"2016-02-03T11:21:39","modified_gmt":"2016-02-03T11:21:39","slug":"maillot-de-bain-minnie-4","status":"publish","type":"product","link":"https:\/\/staging.laplanetedesenfants.com\/en\/produit\/maillot-de-bain-minnie-4\/","title":{"rendered":"Maillot de Bain Minnie"},"content":{"rendered":"<p>Maillot de bain Minnie, deux pi\u00e8ces. Culotte haute \u00e0 volant au niveau des cuisses. Haut en forme triangulaire accompagn\u00e9 de volant sur le c\u00f4t\u00e9 int\u00e9rieur de chaque triangle. Bretelles fine avec fermoire \u00e0 clip au dos. Image imprim\u00e9 \u00e0 l&#8217;avant. Taille \u00e9lastique. Fond doubl\u00e9. Couleurs contrastantes. Mati\u00e8re: 40% polyamide, 40% polyester, 20% elasthane. Entretien: Lavage \u00e0 40\u00b0C<\/p>\n","protected":false},"excerpt":{"rendered":"<p>Maillot de bain Minnie, deux pi\u00e8ces. Culotte haute \u00e0 volant au niveau des cuisses. Haut en forme triangulaire accompagn\u00e9 de volant sur le c\u00f4t\u00e9 int\u00e9rieur de chaque triangle. Bretelles fine avec fermoire \u00e0 clip au dos. Image imprim\u00e9 \u00e0 l&#8217;avant. Taille \u00e9lastique. Fond doubl\u00e9. Couleurs contrastantes. Mati\u00e8re: 40% polyamide, 40% polyester, 20% elasthane. Entretien: Lavage \u00e0 40\u00b0C<\/p>\n","protected":false},"featured_media":184469,"template":"","meta":[],"product_brand":[],"product_cat":[13487,13505,13511,13484,13794,13535,13508,13502],"product_tag":[],"class_list":{"0":"post-184534","1":"product","2":"type-product","3":"status-publish","4":"has-post-thumbnail","6":"product_cat-accessoires-en","7":"product_cat-all-products-en","8":"product_cat-beach-en","9":"product_cat-accueil-en","10":"product_cat-maillots-de-bain-en","11":"product_cat-promos-en","12":"product_cat-summer-en","13":"product_cat-what-s-new-en","14":"pa_couleur-fuchsia-en","15":"pa_couleur-pink-en","16":"pa_genre-fille-en","17":"pa_taille-3ans_98cm-en","18":"pa_taille-4ans_104cm-en","19":"pa_taille-5ans_110cm-en","20":"pa_taille-6ans_116cm-en","21":"pa_taille-8ans_128cm-en","23":"first","24":"instock","25":"sale","26":"shipping-taxable","27":"purchasable","28":"product-type-variable","29":"has-default-attributes"},"_links":{"self":[{"href":"https:\/\/staging.laplanetedesenfants.com\/en\/wp-json\/wp\/v2\/product\/184534","targetHints":{"allow":["GET"]}}],"collection":[{"href":"https:\/\/staging.laplanetedesenfants.com\/en\/wp-json\/wp\/v2\/product"}],"about":[{"href":"https:\/\/staging.laplanetedesenfants.com\/en\/wp-json\/wp\/v2\/types\/product"}],"version-history":[{"count":0,"href":"https:\/\/staging.laplanetedesenfants.com\/en\/wp-json\/wp\/v2\/product\/184534\/revisions"}],"wp:featuredmedia":[{"embeddable":true,"href":"https:\/\/staging.laplanetedesenfants.com\/en\/wp-json\/wp\/v2\/media\/184469"}],"wp:attachment":[{"href":"https:\/\/staging.laplanetedesenfants.com\/en\/wp-json\/wp\/v2\/media?parent=184534"}],"wp:term":[{"taxonomy":"product_brand","embeddable":true,"href":"https:\/\/staging.laplanetedesenfants.com\/en\/wp-json\/wp\/v2\/product_brand?post=184534"},{"taxonomy":"product_cat","embeddable":true,"href":"https:\/\/staging.laplanetedesenfants.com\/en\/wp-json\/wp\/v2\/product_cat?post=184534"},{"taxonomy":"product_tag","embeddable":true,"href":"https:\/\/staging.laplanetedesenfants.com\/en\/wp-json\/wp\/v2\/product_tag?post=184534"}],"curies":[{"name":"wp","href":"https:\/\/api.w.org\/{rel}","templated":true}]}}