{"id":198559,"date":"2016-03-29T14:38:24","date_gmt":"2016-03-29T14:38:24","guid":{"rendered":"https:\/\/staging.laplanetedesenfants.com\/product\/sac-a-bandouliere-princesses-disney\/"},"modified":"2016-03-29T14:38:24","modified_gmt":"2016-03-29T14:38:24","slug":"sac-a-bandouliere-princesses-disney","status":"publish","type":"product","link":"https:\/\/staging.laplanetedesenfants.com\/en\/produit\/sac-a-bandouliere-princesses-disney\/","title":{"rendered":"Sac \u00e0 Bandouli\u00e8re Princesses Disney"},"content":{"rendered":"<p>La Plan\u00e8te des Enfants vous propose ce <span style=\"text-decoration:underline;\"><strong>Sac \u00e0 Bandouli\u00e8re\u00a0 Princesses Disney.<\/strong><\/span><em> <\/em>Ce sac est zipp\u00e9 et se porte avec une fine bretelle pratique pour mettre un porte monnaie, stylo ou autre petits accessoires.<\/p>\n","protected":false},"excerpt":{"rendered":"<p>La Plan\u00e8te des Enfants vous propose ce <span style=\"text-decoration:underline;\"><strong>Sac \u00e0 Bandouli\u00e8re\u00a0 Princesses Disney.<\/strong><\/span><em> <\/em>Ce sac est zipp\u00e9 et se porte avec une fine bretelle pratique pour mettre un porte monnaie, stylo ou autre petits accessoires.<\/p>\n","protected":false},"featured_media":198553,"template":"","meta":[],"product_brand":[],"product_cat":[13483],"product_tag":[],"class_list":{"0":"post-198559","1":"product","2":"type-product","3":"status-publish","4":"has-post-thumbnail","6":"product_cat-accueil","8":"first","9":"instock","10":"sale","11":"shipping-taxable","12":"purchasable","13":"product-type-simple"},"_links":{"self":[{"href":"https:\/\/staging.laplanetedesenfants.com\/en\/wp-json\/wp\/v2\/product\/198559","targetHints":{"allow":["GET"]}}],"collection":[{"href":"https:\/\/staging.laplanetedesenfants.com\/en\/wp-json\/wp\/v2\/product"}],"about":[{"href":"https:\/\/staging.laplanetedesenfants.com\/en\/wp-json\/wp\/v2\/types\/product"}],"version-history":[{"count":0,"href":"https:\/\/staging.laplanetedesenfants.com\/en\/wp-json\/wp\/v2\/product\/198559\/revisions"}],"wp:featuredmedia":[{"embeddable":true,"href":"https:\/\/staging.laplanetedesenfants.com\/en\/wp-json\/wp\/v2\/media\/198553"}],"wp:attachment":[{"href":"https:\/\/staging.laplanetedesenfants.com\/en\/wp-json\/wp\/v2\/media?parent=198559"}],"wp:term":[{"taxonomy":"product_brand","embeddable":true,"href":"https:\/\/staging.laplanetedesenfants.com\/en\/wp-json\/wp\/v2\/product_brand?post=198559"},{"taxonomy":"product_cat","embeddable":true,"href":"https:\/\/staging.laplanetedesenfants.com\/en\/wp-json\/wp\/v2\/product_cat?post=198559"},{"taxonomy":"product_tag","embeddable":true,"href":"https:\/\/staging.laplanetedesenfants.com\/en\/wp-json\/wp\/v2\/product_tag?post=198559"}],"curies":[{"name":"wp","href":"https:\/\/api.w.org\/{rel}","templated":true}]}}