{"id":209906,"date":"2016-06-17T16:27:25","date_gmt":"2016-06-17T16:27:25","guid":{"rendered":"https:\/\/staging.laplanetedesenfants.com\/product\/boxer-de-bain-angry-birds\/"},"modified":"2016-06-17T16:27:25","modified_gmt":"2016-06-17T16:27:25","slug":"boxer-de-bain-angry-birds","status":"publish","type":"product","link":"https:\/\/staging.laplanetedesenfants.com\/en\/produit\/boxer-de-bain-angry-birds\/","title":{"rendered":"Boxer de Bain Angry Birds"},"content":{"rendered":"<p>La Plan\u00e8te des Enfants vous propose ce<span style=\"text-decoration:underline;\"><strong> Boxer de Bain Angry Birds.<\/strong><\/span> Taille et finition \u00e9lastique. Lacets internes au niveau de la taille \u00e0 reserrer. Mati\u00e8re: 40% polyamide, 40% polyester, 20% elasthane. Entretien: lavage \u00e0 40 \u00b0C<\/p>\n","protected":false},"excerpt":{"rendered":"<p>La Plan\u00e8te des Enfants vous propose ce<span style=\"text-decoration:underline;\"><strong> Boxer de Bain Angry Birds.<\/strong><\/span> Taille et finition \u00e9lastique. Lacets internes au niveau de la taille \u00e0 reserrer. Mati\u00e8re: 40% polyamide, 40% polyester, 20% elasthane. Entretien: lavage \u00e0 40 \u00b0C<\/p>\n","protected":false},"featured_media":209837,"template":"","meta":[],"product_brand":[],"product_cat":[13526,13484,13703,13502],"product_tag":[],"class_list":{"0":"post-209906","1":"product","2":"type-product","3":"status-publish","4":"has-post-thumbnail","6":"product_cat-boys-en","7":"product_cat-accueil-en","8":"product_cat-swim-wears-en","9":"product_cat-what-s-new-en","10":"pa_couleur-blue-en","11":"pa_couleur-red-en","12":"pa_genre-garcon-en","13":"pa_taille-3ans_98cm-en","14":"pa_taille-4ans_104cm-en","15":"pa_taille-5ans_110cm-en","16":"pa_taille-6ans_116cm-en","17":"pa_taille-8ans_128cm-en","19":"first","20":"instock","21":"sale","22":"shipping-taxable","23":"purchasable","24":"product-type-variable","25":"has-default-attributes"},"_links":{"self":[{"href":"https:\/\/staging.laplanetedesenfants.com\/en\/wp-json\/wp\/v2\/product\/209906","targetHints":{"allow":["GET"]}}],"collection":[{"href":"https:\/\/staging.laplanetedesenfants.com\/en\/wp-json\/wp\/v2\/product"}],"about":[{"href":"https:\/\/staging.laplanetedesenfants.com\/en\/wp-json\/wp\/v2\/types\/product"}],"version-history":[{"count":0,"href":"https:\/\/staging.laplanetedesenfants.com\/en\/wp-json\/wp\/v2\/product\/209906\/revisions"}],"wp:featuredmedia":[{"embeddable":true,"href":"https:\/\/staging.laplanetedesenfants.com\/en\/wp-json\/wp\/v2\/media\/209837"}],"wp:attachment":[{"href":"https:\/\/staging.laplanetedesenfants.com\/en\/wp-json\/wp\/v2\/media?parent=209906"}],"wp:term":[{"taxonomy":"product_brand","embeddable":true,"href":"https:\/\/staging.laplanetedesenfants.com\/en\/wp-json\/wp\/v2\/product_brand?post=209906"},{"taxonomy":"product_cat","embeddable":true,"href":"https:\/\/staging.laplanetedesenfants.com\/en\/wp-json\/wp\/v2\/product_cat?post=209906"},{"taxonomy":"product_tag","embeddable":true,"href":"https:\/\/staging.laplanetedesenfants.com\/en\/wp-json\/wp\/v2\/product_tag?post=209906"}],"curies":[{"name":"wp","href":"https:\/\/api.w.org\/{rel}","templated":true}]}}