{"id":221661,"date":"2016-09-20T12:03:06","date_gmt":"2016-09-20T12:03:06","guid":{"rendered":"https:\/\/staging.laplanetedesenfants.com\/product\/pyjama-polaire-avengers-2\/"},"modified":"2016-09-20T12:03:06","modified_gmt":"2016-09-20T12:03:06","slug":"pyjama-polaire-avengers-2","status":"publish","type":"product","link":"https:\/\/staging.laplanetedesenfants.com\/en\/produit\/pyjama-polaire-avengers-2\/","title":{"rendered":"Pyjama Polaire Avengers"},"content":{"rendered":"<p><span style=\"font-family:'Droid Sans', Helvetica, sans-serif;font-size:13px;font-style:normal;font-weight:normal;letter-spacing:normal;text-indent:0px;text-transform:none;white-space:normal;word-spacing:0px;float:none;\">La Plan\u00e8te des Enfants vous propose ce <span style=\"text-decoration:underline;\"><strong>Pyjama Polaire Avengers<\/strong><\/span> chaud et doud. Col tunisien \u00e0 bouton. Couleurs contrastantes aux finitions. Mati\u00e8re : 100% polyester. Entretien: lavage \u00e0 40\u00b0C.<\/span><\/p>\n","protected":false},"excerpt":{"rendered":"<p><span style=\"font-family:'Droid Sans', Helvetica, sans-serif;font-size:13px;font-style:normal;font-weight:normal;letter-spacing:normal;text-indent:0px;text-transform:none;white-space:normal;word-spacing:0px;float:none;\">La Plan\u00e8te des Enfants vous propose ce <span style=\"text-decoration:underline;\"><strong>Pyjama Polaire Avengers<\/strong><\/span> chaud et doud. Col tunisien \u00e0 bouton. Couleurs contrastantes aux finitions. Mati\u00e8re : 100% polyester. Entretien: lavage \u00e0 40\u00b0C.<\/span><\/p>\n","protected":false},"featured_media":221592,"template":"","meta":[],"product_brand":[],"product_cat":[13526,13547,13484,13538,13779,13625,13529,13523,13502],"product_tag":[],"class_list":{"0":"post-221661","1":"product","2":"type-product","3":"status-publish","4":"has-post-thumbnail","6":"product_cat-boys-en","7":"product_cat-fall-winter-2023-en","8":"product_cat-accueil-en","9":"product_cat-new-boys-collection-en","11":"product_cat-pyjamas-en","12":"product_cat-pyjamas-avengers-en","13":"product_cat-selection-en","14":"product_cat-what-s-new-en","15":"pa_couleur-blue-en","16":"pa_couleur-marine-en","17":"pa_genre-garcon-en","18":"pa_taille-3ans-en","19":"pa_taille-4ans-en","20":"pa_taille-5ans-en","21":"pa_taille-6ans-en","22":"pa_taille-8ans-en","24":"first","25":"instock","26":"shipping-taxable","27":"purchasable","28":"product-type-variable","29":"has-default-attributes"},"_links":{"self":[{"href":"https:\/\/staging.laplanetedesenfants.com\/en\/wp-json\/wp\/v2\/product\/221661","targetHints":{"allow":["GET"]}}],"collection":[{"href":"https:\/\/staging.laplanetedesenfants.com\/en\/wp-json\/wp\/v2\/product"}],"about":[{"href":"https:\/\/staging.laplanetedesenfants.com\/en\/wp-json\/wp\/v2\/types\/product"}],"version-history":[{"count":0,"href":"https:\/\/staging.laplanetedesenfants.com\/en\/wp-json\/wp\/v2\/product\/221661\/revisions"}],"wp:featuredmedia":[{"embeddable":true,"href":"https:\/\/staging.laplanetedesenfants.com\/en\/wp-json\/wp\/v2\/media\/221592"}],"wp:attachment":[{"href":"https:\/\/staging.laplanetedesenfants.com\/en\/wp-json\/wp\/v2\/media?parent=221661"}],"wp:term":[{"taxonomy":"product_brand","embeddable":true,"href":"https:\/\/staging.laplanetedesenfants.com\/en\/wp-json\/wp\/v2\/product_brand?post=221661"},{"taxonomy":"product_cat","embeddable":true,"href":"https:\/\/staging.laplanetedesenfants.com\/en\/wp-json\/wp\/v2\/product_cat?post=221661"},{"taxonomy":"product_tag","embeddable":true,"href":"https:\/\/staging.laplanetedesenfants.com\/en\/wp-json\/wp\/v2\/product_tag?post=221661"}],"curies":[{"name":"wp","href":"https:\/\/api.w.org\/{rel}","templated":true}]}}