{"id":251333,"date":"2017-03-15T17:30:25","date_gmt":"2017-03-15T17:30:25","guid":{"rendered":"https:\/\/staging.laplanetedesenfants.com\/product\/casquette-soy-luna-disney\/"},"modified":"2017-03-15T17:30:25","modified_gmt":"2017-03-15T17:30:25","slug":"casquette-soy-luna-disney","status":"publish","type":"product","link":"https:\/\/staging.laplanetedesenfants.com\/en\/produit\/casquette-soy-luna-disney\/","title":{"rendered":"Casquette Soy Luna Disney"},"content":{"rendered":"<p>La Plan\u00e8te des Enfants vous propose cette <span style=\"text-decoration:underline;\"><strong>Casquette Soy Luna Disney.<\/strong><\/span> R\u00e9glable par scratch. Image imprim\u00e9e devant et sur la visi\u00e8re. Tr\u00e8s l\u00e9g\u00e8re et prot\u00e8ge du soleil.<br \/> Mati\u00e8re:\u00a0 60% coton et 40% polyester.<br \/> Entretien: Lavage \u00e0 la main.<\/p>\n","protected":false},"excerpt":{"rendered":"<p>La Plan\u00e8te des Enfants vous propose cette <span style=\"text-decoration:underline;\"><strong>Casquette Soy Luna Disney.<\/strong><\/span> R\u00e9glable par scratch. Image imprim\u00e9e devant et sur la visi\u00e8re. Tr\u00e8s l\u00e9g\u00e8re et prot\u00e8ge du soleil.<br \/> Mati\u00e8re:\u00a0 60% coton et 40% polyester.<br \/> Entretien: Lavage \u00e0 la main.<\/p>\n","protected":false},"featured_media":251289,"template":"","meta":[],"product_brand":[],"product_cat":[13487,13616,13484,13541,13502],"product_tag":[],"class_list":{"0":"post-251333","1":"product","2":"type-product","3":"status-publish","4":"has-post-thumbnail","6":"product_cat-accessoires-en","7":"product_cat-casquettes-bobs-en","8":"product_cat-accueil-en","9":"product_cat-new-girls-collection-en","10":"product_cat-what-s-new-en","11":"pa_couleur-fuchsia-en","12":"pa_couleur-pink-en","13":"pa_couleur-violet-en","14":"pa_genre-fille-en","15":"pa_taille-54-en","16":"pa_taille-56-en","18":"first","19":"instock","20":"sale","21":"shipping-taxable","22":"purchasable","23":"product-type-variable","24":"has-default-attributes"},"_links":{"self":[{"href":"https:\/\/staging.laplanetedesenfants.com\/en\/wp-json\/wp\/v2\/product\/251333","targetHints":{"allow":["GET"]}}],"collection":[{"href":"https:\/\/staging.laplanetedesenfants.com\/en\/wp-json\/wp\/v2\/product"}],"about":[{"href":"https:\/\/staging.laplanetedesenfants.com\/en\/wp-json\/wp\/v2\/types\/product"}],"version-history":[{"count":0,"href":"https:\/\/staging.laplanetedesenfants.com\/en\/wp-json\/wp\/v2\/product\/251333\/revisions"}],"wp:featuredmedia":[{"embeddable":true,"href":"https:\/\/staging.laplanetedesenfants.com\/en\/wp-json\/wp\/v2\/media\/251289"}],"wp:attachment":[{"href":"https:\/\/staging.laplanetedesenfants.com\/en\/wp-json\/wp\/v2\/media?parent=251333"}],"wp:term":[{"taxonomy":"product_brand","embeddable":true,"href":"https:\/\/staging.laplanetedesenfants.com\/en\/wp-json\/wp\/v2\/product_brand?post=251333"},{"taxonomy":"product_cat","embeddable":true,"href":"https:\/\/staging.laplanetedesenfants.com\/en\/wp-json\/wp\/v2\/product_cat?post=251333"},{"taxonomy":"product_tag","embeddable":true,"href":"https:\/\/staging.laplanetedesenfants.com\/en\/wp-json\/wp\/v2\/product_tag?post=251333"}],"curies":[{"name":"wp","href":"https:\/\/api.w.org\/{rel}","templated":true}]}}