{"id":254720,"date":"2017-03-25T00:04:42","date_gmt":"2017-03-25T00:04:42","guid":{"rendered":"https:\/\/staging.laplanetedesenfants.com\/product\/baskets-mickey-disney\/"},"modified":"2017-03-25T00:04:42","modified_gmt":"2017-03-25T00:04:42","slug":"baskets-mickey-disney","status":"publish","type":"product","link":"https:\/\/staging.laplanetedesenfants.com\/en\/produit\/baskets-mickey-disney\/","title":{"rendered":"Baskets Mickey Disney"},"content":{"rendered":"<p>Les fans de la c\u00e9l\u00e8bre Mickey Disney\u00a0ne quitteront plus les adorables baskets running pour un quotidien plein de fantaisie! Avec les imprim\u00e9s de\u00a0Mickey\u00a0Disney, ces chaussures apporteront une touche de fra\u00eecheur \u00e0 tous les dressings. Les Gar\u00e7ons les porteront avec un jogging ou un pantalon court et une tunique.<\/p>\n<p>&#8211; Baskets Gar\u00e7on<br \/>&#8211; Bout rond<br \/>&#8211;\u00a0Syst\u00e8me de fermeture : Scratch<\/p>\n","protected":false},"excerpt":{"rendered":"<p><span>Les fans de la c\u00e9l\u00e8bre Mickey Disney\u00a0ne quitteront plus les adorables baskets running pour un quotidien plein de fantaisie! Avec les imprim\u00e9s de Mickey\u00a0Disney, ces chaussures apporteront une touche de fra\u00eecheur \u00e0 tous les dressings. Les Gar\u00e7ons les porteront avec un jogging ou un pantalon court et une tunique.<\/span><\/p>\n<p><span>&#8211; Baskets Gar\u00e7on<\/span><br \/><span>&#8211; Bout rond<\/span><br \/>&#8211;\u00a0Syst\u00e8me de fermeture : Scratch<\/p>\n","protected":false},"featured_media":254648,"template":"","meta":[],"product_brand":[],"product_cat":[13483],"product_tag":[],"class_list":{"0":"post-254720","1":"product","2":"type-product","3":"status-publish","4":"has-post-thumbnail","6":"product_cat-accueil","8":"first","9":"instock","10":"shipping-taxable","11":"purchasable","12":"product-type-variable","13":"has-default-attributes"},"_links":{"self":[{"href":"https:\/\/staging.laplanetedesenfants.com\/en\/wp-json\/wp\/v2\/product\/254720","targetHints":{"allow":["GET"]}}],"collection":[{"href":"https:\/\/staging.laplanetedesenfants.com\/en\/wp-json\/wp\/v2\/product"}],"about":[{"href":"https:\/\/staging.laplanetedesenfants.com\/en\/wp-json\/wp\/v2\/types\/product"}],"version-history":[{"count":0,"href":"https:\/\/staging.laplanetedesenfants.com\/en\/wp-json\/wp\/v2\/product\/254720\/revisions"}],"wp:featuredmedia":[{"embeddable":true,"href":"https:\/\/staging.laplanetedesenfants.com\/en\/wp-json\/wp\/v2\/media\/254648"}],"wp:attachment":[{"href":"https:\/\/staging.laplanetedesenfants.com\/en\/wp-json\/wp\/v2\/media?parent=254720"}],"wp:term":[{"taxonomy":"product_brand","embeddable":true,"href":"https:\/\/staging.laplanetedesenfants.com\/en\/wp-json\/wp\/v2\/product_brand?post=254720"},{"taxonomy":"product_cat","embeddable":true,"href":"https:\/\/staging.laplanetedesenfants.com\/en\/wp-json\/wp\/v2\/product_cat?post=254720"},{"taxonomy":"product_tag","embeddable":true,"href":"https:\/\/staging.laplanetedesenfants.com\/en\/wp-json\/wp\/v2\/product_tag?post=254720"}],"curies":[{"name":"wp","href":"https:\/\/api.w.org\/{rel}","templated":true}]}}