{"id":295966,"date":"2018-10-11T13:58:55","date_gmt":"2018-10-11T13:58:55","guid":{"rendered":"https:\/\/staging.laplanetedesenfants.com\/product\/sac-a-dos-la-reine-des-neiges-garnis\/"},"modified":"2018-10-11T13:58:55","modified_gmt":"2018-10-11T13:58:55","slug":"sac-a-dos-la-reine-des-neiges-garnis","status":"publish","type":"product","link":"https:\/\/staging.laplanetedesenfants.com\/en\/produit\/sac-a-dos-la-reine-des-neiges-garnis\/","title":{"rendered":"kit Sac \u00e0 dos la reine des neiges Disney"},"content":{"rendered":"<p>la plan\u00e8te des enfants vous propose ce kit Sac \u00e0 dos la reine des neiges avec une trousse et ses crayons de couleur ainsi qu&#8217;un bloc-notes.<\/p>\n<p>Ce kit contient :<\/p>\n<ul>\n<li>1 sac \u00e0 dos Frozen : 25&#215;20 cm<\/li>\n<li>1 trousse Frozen : 20 cm<\/li>\n<li>1 bloc note Frozen<\/li>\n<li>6 crayons de couleur<\/li>\n<\/ul>\n<p>-Dimension de l&#8217;emballage : H 28 cm &#8211; L :22 cm &#8211; P16 cm<\/p>\n","protected":false},"excerpt":{"rendered":"<p>la plan\u00e8te des enfants vous propose ce kit Sac \u00e0 dos la reine des neiges avec une trousse et ses crayons de couleur ainsi qu&#8217;un bloc-notes.<\/p>\n<p>Ce kit contient :<\/p>\n<ul>\n<li>1 sac \u00e0 dos Frozen : 25&#215;20 cm<\/li>\n<li>1 trousse Frozen : 20 cm<\/li>\n<li>1 bloc note Frozen<\/li>\n<li>6 crayons de couleur<\/li>\n<\/ul>\n<p>-Dimension de l&#8217;emballage : H 28 cm &#8211; L :22 cm &#8211; P16 cm<\/p>\n","protected":false},"featured_media":295960,"template":"","meta":[],"product_brand":[],"product_cat":[13483],"product_tag":[],"class_list":{"0":"post-295966","1":"product","2":"type-product","3":"status-publish","4":"has-post-thumbnail","6":"product_cat-accueil","8":"first","9":"instock","10":"sale","11":"shipping-taxable","12":"purchasable","13":"product-type-simple"},"_links":{"self":[{"href":"https:\/\/staging.laplanetedesenfants.com\/en\/wp-json\/wp\/v2\/product\/295966","targetHints":{"allow":["GET"]}}],"collection":[{"href":"https:\/\/staging.laplanetedesenfants.com\/en\/wp-json\/wp\/v2\/product"}],"about":[{"href":"https:\/\/staging.laplanetedesenfants.com\/en\/wp-json\/wp\/v2\/types\/product"}],"version-history":[{"count":0,"href":"https:\/\/staging.laplanetedesenfants.com\/en\/wp-json\/wp\/v2\/product\/295966\/revisions"}],"wp:featuredmedia":[{"embeddable":true,"href":"https:\/\/staging.laplanetedesenfants.com\/en\/wp-json\/wp\/v2\/media\/295960"}],"wp:attachment":[{"href":"https:\/\/staging.laplanetedesenfants.com\/en\/wp-json\/wp\/v2\/media?parent=295966"}],"wp:term":[{"taxonomy":"product_brand","embeddable":true,"href":"https:\/\/staging.laplanetedesenfants.com\/en\/wp-json\/wp\/v2\/product_brand?post=295966"},{"taxonomy":"product_cat","embeddable":true,"href":"https:\/\/staging.laplanetedesenfants.com\/en\/wp-json\/wp\/v2\/product_cat?post=295966"},{"taxonomy":"product_tag","embeddable":true,"href":"https:\/\/staging.laplanetedesenfants.com\/en\/wp-json\/wp\/v2\/product_tag?post=295966"}],"curies":[{"name":"wp","href":"https:\/\/api.w.org\/{rel}","templated":true}]}}