{"id":304023,"date":"2019-05-31T17:14:31","date_gmt":"2019-05-31T17:14:31","guid":{"rendered":"https:\/\/staging.laplanetedesenfants.com\/product\/tong-pj-masks-2\/"},"modified":"2019-05-31T17:14:31","modified_gmt":"2019-05-31T17:14:31","slug":"tong-pj-masks-2","status":"publish","type":"product","link":"https:\/\/staging.laplanetedesenfants.com\/en\/produit\/tong-pj-masks-2\/","title":{"rendered":"Tong Pj Masks"},"content":{"rendered":"<p>La Plan\u00e8te des Enfants vous propose ces <span style=\"text-decoration:underline;\"><strong>Tongs\u00a0 \u00a0PJ MASK\u00a0<\/strong><\/span>synth\u00e9tique. Mati\u00e8re 100% PVC. Couleurs contrastantes. Entretien: Nettoyer \u00e0 la main avec une lingette.<\/p>\n","protected":false},"excerpt":{"rendered":"<p>La Plan\u00e8te des Enfants vous propose ces <span style=\"text-decoration:underline;\"><strong>Tongs\u00a0 PJ MASK\u00a0<\/strong><\/span>synth\u00e9tique. Mati\u00e8re 100% PVC. Couleurs contrastantes. Entretien: Nettoyer \u00e0 la main avec une lingette.<\/p>\n","protected":false},"featured_media":303963,"template":"","meta":[],"product_brand":[],"product_cat":[13487,13511,13724,13532,13484,13535,13544,13520,13502],"product_tag":[],"class_list":{"0":"post-304023","1":"product","2":"type-product","3":"status-publish","4":"has-post-thumbnail","6":"product_cat-accessoires-en","7":"product_cat-beach-en","8":"product_cat-chaussons-tongs-bottes-de-pluie-en","9":"product_cat-girls-en","10":"product_cat-accueil-en","11":"product_cat-promos-en","12":"product_cat-spring-2024-en","13":"product_cat-summer-en","14":"product_cat-what-s-new-en","15":"pa_couleur-black-en","16":"pa_couleur-blue-en","17":"pa_genre-fille-en","18":"pa_taille-26_27-en","19":"pa_taille-28_29-en","20":"pa_taille-30_31-en","21":"pa_taille-32_33-en","23":"first","24":"instock","25":"sale","26":"shipping-taxable","27":"purchasable","28":"product-type-variable","29":"has-default-attributes"},"_links":{"self":[{"href":"https:\/\/staging.laplanetedesenfants.com\/en\/wp-json\/wp\/v2\/product\/304023","targetHints":{"allow":["GET"]}}],"collection":[{"href":"https:\/\/staging.laplanetedesenfants.com\/en\/wp-json\/wp\/v2\/product"}],"about":[{"href":"https:\/\/staging.laplanetedesenfants.com\/en\/wp-json\/wp\/v2\/types\/product"}],"version-history":[{"count":0,"href":"https:\/\/staging.laplanetedesenfants.com\/en\/wp-json\/wp\/v2\/product\/304023\/revisions"}],"wp:featuredmedia":[{"embeddable":true,"href":"https:\/\/staging.laplanetedesenfants.com\/en\/wp-json\/wp\/v2\/media\/303963"}],"wp:attachment":[{"href":"https:\/\/staging.laplanetedesenfants.com\/en\/wp-json\/wp\/v2\/media?parent=304023"}],"wp:term":[{"taxonomy":"product_brand","embeddable":true,"href":"https:\/\/staging.laplanetedesenfants.com\/en\/wp-json\/wp\/v2\/product_brand?post=304023"},{"taxonomy":"product_cat","embeddable":true,"href":"https:\/\/staging.laplanetedesenfants.com\/en\/wp-json\/wp\/v2\/product_cat?post=304023"},{"taxonomy":"product_tag","embeddable":true,"href":"https:\/\/staging.laplanetedesenfants.com\/en\/wp-json\/wp\/v2\/product_tag?post=304023"}],"curies":[{"name":"wp","href":"https:\/\/api.w.org\/{rel}","templated":true}]}}