{"id":319510,"date":"2020-03-17T18:08:41","date_gmt":"2020-03-17T18:08:41","guid":{"rendered":"https:\/\/staging.laplanetedesenfants.com\/product\/tongs-avengers-marvel\/"},"modified":"2020-03-17T18:08:41","modified_gmt":"2020-03-17T18:08:41","slug":"tongs-avengers-marvel","status":"publish","type":"product","link":"https:\/\/staging.laplanetedesenfants.com\/en\/produit\/tongs-avengers-marvel\/","title":{"rendered":"Tongs Avengers Marvel"},"content":{"rendered":"<p>4<span style=\"text-align:left;color:#000000;text-transform:none;text-indent:0px;letter-spacing:normal;font-family:Poppins, sans-serif;font-size:13px;font-style:normal;font-variant:normal;font-weight:100;text-decoration:none;word-spacing:0px;white-space:normal;float:none;background-color:#ffffff;\">\u00a0tailles assortis.<\/span><\/p>\n","protected":false},"excerpt":{"rendered":"<p><span>Tongs Avengers synth\u00e9tique. Mati\u00e8re 100% PVC. Couleurs contrastantes. Entretien: Nettoyer \u00e0 la main avec une lingette.<\/span><\/p>\n","protected":false},"featured_media":319482,"template":"","meta":[],"product_brand":[],"product_cat":[13483],"product_tag":[],"class_list":{"0":"post-319510","1":"product","2":"type-product","3":"status-publish","4":"has-post-thumbnail","6":"product_cat-accueil","8":"first","9":"instock","10":"sale","11":"shipping-taxable","12":"purchasable","13":"product-type-variable","14":"has-default-attributes"},"_links":{"self":[{"href":"https:\/\/staging.laplanetedesenfants.com\/en\/wp-json\/wp\/v2\/product\/319510","targetHints":{"allow":["GET"]}}],"collection":[{"href":"https:\/\/staging.laplanetedesenfants.com\/en\/wp-json\/wp\/v2\/product"}],"about":[{"href":"https:\/\/staging.laplanetedesenfants.com\/en\/wp-json\/wp\/v2\/types\/product"}],"version-history":[{"count":0,"href":"https:\/\/staging.laplanetedesenfants.com\/en\/wp-json\/wp\/v2\/product\/319510\/revisions"}],"wp:featuredmedia":[{"embeddable":true,"href":"https:\/\/staging.laplanetedesenfants.com\/en\/wp-json\/wp\/v2\/media\/319482"}],"wp:attachment":[{"href":"https:\/\/staging.laplanetedesenfants.com\/en\/wp-json\/wp\/v2\/media?parent=319510"}],"wp:term":[{"taxonomy":"product_brand","embeddable":true,"href":"https:\/\/staging.laplanetedesenfants.com\/en\/wp-json\/wp\/v2\/product_brand?post=319510"},{"taxonomy":"product_cat","embeddable":true,"href":"https:\/\/staging.laplanetedesenfants.com\/en\/wp-json\/wp\/v2\/product_cat?post=319510"},{"taxonomy":"product_tag","embeddable":true,"href":"https:\/\/staging.laplanetedesenfants.com\/en\/wp-json\/wp\/v2\/product_tag?post=319510"}],"curies":[{"name":"wp","href":"https:\/\/api.w.org\/{rel}","templated":true}]}}