{"id":330229,"date":"2020-05-18T14:12:05","date_gmt":"2020-05-18T14:12:05","guid":{"rendered":"https:\/\/staging.laplanetedesenfants.com\/product\/baskets-cars-disney-2\/"},"modified":"2020-05-18T14:12:05","modified_gmt":"2020-05-18T14:12:05","slug":"baskets-cars-disney-2","status":"publish","type":"product","link":"https:\/\/staging.laplanetedesenfants.com\/en\/produit\/baskets-cars-disney-2\/","title":{"rendered":"Baskets Cars Disney"},"content":{"rendered":"<p>&#8211; Baskets\u00a0gar\u00e7on<br \/>&#8211; Bout rond<br \/>&#8211;\u00a0Syst\u00e8me de fermeture : Scratch<\/p>\n","protected":false},"excerpt":{"rendered":"<p><span>Les fans de la c\u00e9l\u00e8bre cars Disney\u00a0ne quitteront plus les adorables baskets running pour un quotidien plein de fantaisie! Avec les imprim\u00e9s de\u00a0 cars Disney, ces chaussures apporteront une touche de fra\u00eecheur \u00e0 tous les dressings. Les gar\u00e7on les porteront avec un jogging ou un pantalon court et une tunique.<\/span><\/p>\n<p><span>&#8211; Baskets\u00a0gar\u00e7on<\/span><br \/><span>&#8211; Bout rond<\/span><br \/>&#8211;\u00a0Syst\u00e8me de fermeture : Scratch<\/p>\n","protected":false},"featured_media":330177,"template":"","meta":[],"product_brand":[],"product_cat":[13483],"product_tag":[],"class_list":{"0":"post-330229","1":"product","2":"type-product","3":"status-publish","4":"has-post-thumbnail","6":"product_cat-accueil","8":"first","9":"instock","10":"sale","11":"shipping-taxable","12":"purchasable","13":"product-type-variable","14":"has-default-attributes"},"_links":{"self":[{"href":"https:\/\/staging.laplanetedesenfants.com\/en\/wp-json\/wp\/v2\/product\/330229","targetHints":{"allow":["GET"]}}],"collection":[{"href":"https:\/\/staging.laplanetedesenfants.com\/en\/wp-json\/wp\/v2\/product"}],"about":[{"href":"https:\/\/staging.laplanetedesenfants.com\/en\/wp-json\/wp\/v2\/types\/product"}],"version-history":[{"count":0,"href":"https:\/\/staging.laplanetedesenfants.com\/en\/wp-json\/wp\/v2\/product\/330229\/revisions"}],"wp:featuredmedia":[{"embeddable":true,"href":"https:\/\/staging.laplanetedesenfants.com\/en\/wp-json\/wp\/v2\/media\/330177"}],"wp:attachment":[{"href":"https:\/\/staging.laplanetedesenfants.com\/en\/wp-json\/wp\/v2\/media?parent=330229"}],"wp:term":[{"taxonomy":"product_brand","embeddable":true,"href":"https:\/\/staging.laplanetedesenfants.com\/en\/wp-json\/wp\/v2\/product_brand?post=330229"},{"taxonomy":"product_cat","embeddable":true,"href":"https:\/\/staging.laplanetedesenfants.com\/en\/wp-json\/wp\/v2\/product_cat?post=330229"},{"taxonomy":"product_tag","embeddable":true,"href":"https:\/\/staging.laplanetedesenfants.com\/en\/wp-json\/wp\/v2\/product_tag?post=330229"}],"curies":[{"name":"wp","href":"https:\/\/api.w.org\/{rel}","templated":true}]}}