{"id":336103,"date":"2020-08-13T14:47:33","date_gmt":"2020-08-13T14:47:33","guid":{"rendered":"https:\/\/staging.laplanetedesenfants.com\/product\/sac-a-dos-trolley-star-wars-34-cm\/"},"modified":"2020-08-13T14:47:33","modified_gmt":"2020-08-13T14:47:33","slug":"sac-a-dos-trolley-star-wars-34-cm","status":"publish","type":"product","link":"https:\/\/staging.laplanetedesenfants.com\/en\/produit\/sac-a-dos-trolley-star-wars-34-cm\/","title":{"rendered":"Sac \u00e0 dos Trolley Star Wars 34 cm"},"content":{"rendered":"<h4>SAC \u00c0 DOS TROLLEY STAR WARS 34 CM<\/h4>\n<ul>\n<li>Top qualit\u00e9, dimensions:\u00a034 x 25 x 16 cm<\/li>\n<li>Longueur de poign\u00e9e 56 cm ouvert<\/li>\n<li>Imperm\u00e9able \u00e0 l&#8217;eau<\/li>\n<li>2\u00a0compartiment principal zipp\u00e9 ext\u00e9rieure. et\u00a0 1 compartiment principal zipp\u00e9 ext\u00e9rieure avec 2 poches lat\u00e9rales<\/li>\n<li>bretelles r\u00e9glables et renforc\u00e9e<\/li>\n<li>Fermeture \u00e0 glissi\u00e8re<br \/>2\u00a0poche ext\u00e9rieure<br \/>Doublure int\u00e9rieure<\/li>\n<\/ul>\n","protected":false},"excerpt":{"rendered":"<h4>SAC \u00c0 DOS TROLLEY STAR WARS 34 CM<\/h4>\n<ul>\n<li>Top qualit\u00e9, dimensions:\u00a034 x 25 x 16 cm<\/li>\n<li>Longueur de poign\u00e9e 56 cm ouvert<\/li>\n<li>Imperm\u00e9able \u00e0 l&#8217;eau<\/li>\n<li>2\u00a0compartiment principal zipp\u00e9 ext\u00e9rieure. et\u00a0 1 compartiment principal zipp\u00e9 ext\u00e9rieure avec 2 poches lat\u00e9rales<\/li>\n<li>bretelles r\u00e9glables et renforc\u00e9e<\/li>\n<li>Fermeture \u00e0 glissi\u00e8re<br \/>2\u00a0poche ext\u00e9rieure<br \/>Doublure int\u00e9rieure<\/li>\n<\/ul>\n","protected":false},"featured_media":336101,"template":"","meta":[],"product_brand":[],"product_cat":[13484,13493,13589],"product_tag":[],"class_list":{"0":"post-336103","1":"product","2":"type-product","3":"status-publish","4":"has-post-thumbnail","6":"product_cat-accueil-en","7":"product_cat-school-en","8":"product_cat-trolleys-en","10":"first","11":"instock","12":"shipping-taxable","13":"purchasable","14":"product-type-simple"},"_links":{"self":[{"href":"https:\/\/staging.laplanetedesenfants.com\/en\/wp-json\/wp\/v2\/product\/336103","targetHints":{"allow":["GET"]}}],"collection":[{"href":"https:\/\/staging.laplanetedesenfants.com\/en\/wp-json\/wp\/v2\/product"}],"about":[{"href":"https:\/\/staging.laplanetedesenfants.com\/en\/wp-json\/wp\/v2\/types\/product"}],"version-history":[{"count":0,"href":"https:\/\/staging.laplanetedesenfants.com\/en\/wp-json\/wp\/v2\/product\/336103\/revisions"}],"wp:featuredmedia":[{"embeddable":true,"href":"https:\/\/staging.laplanetedesenfants.com\/en\/wp-json\/wp\/v2\/media\/336101"}],"wp:attachment":[{"href":"https:\/\/staging.laplanetedesenfants.com\/en\/wp-json\/wp\/v2\/media?parent=336103"}],"wp:term":[{"taxonomy":"product_brand","embeddable":true,"href":"https:\/\/staging.laplanetedesenfants.com\/en\/wp-json\/wp\/v2\/product_brand?post=336103"},{"taxonomy":"product_cat","embeddable":true,"href":"https:\/\/staging.laplanetedesenfants.com\/en\/wp-json\/wp\/v2\/product_cat?post=336103"},{"taxonomy":"product_tag","embeddable":true,"href":"https:\/\/staging.laplanetedesenfants.com\/en\/wp-json\/wp\/v2\/product_tag?post=336103"}],"curies":[{"name":"wp","href":"https:\/\/api.w.org\/{rel}","templated":true}]}}