{"id":336224,"date":"2020-08-19T10:51:38","date_gmt":"2020-08-19T10:51:38","guid":{"rendered":"https:\/\/staging.laplanetedesenfants.com\/product\/boite-a-gouter-paris-saint-germain-2\/"},"modified":"2020-08-19T10:51:38","modified_gmt":"2020-08-19T10:51:38","slug":"boite-a-gouter-paris-saint-germain-2","status":"publish","type":"product","link":"https:\/\/staging.laplanetedesenfants.com\/en\/produit\/boite-a-gouter-paris-saint-germain-2\/","title":{"rendered":"Bo\u00eete \u00e0 go\u00fbter  Paris Saint Germain"},"content":{"rendered":"<h3><strong>Bo\u00eete \u00e0 go\u00fbter\u00a0 Paris Saint Germain\u00a0en PVC<\/strong><\/h3>\n<p>Dimension boite :\u00a016.5 x\u00a011 x 6 cm\u00a0<\/p>\n","protected":false},"excerpt":{"rendered":"<h3><strong>Bo\u00eete \u00e0 go\u00fbter\u00a0 Paris Saint Germain\u00a0en PVC<\/strong><\/h3>\n<p>Dimension boite :\u00a016.5 x\u00a011 x 6 cm\u00a0<\/p>\n","protected":false},"featured_media":336220,"template":"","meta":[],"product_brand":[],"product_cat":[13487,13782,13490],"product_tag":[],"class_list":{"0":"post-336224","1":"product","2":"type-product","3":"status-publish","4":"has-post-thumbnail","6":"product_cat-accessoires-en","7":"product_cat-boites-a-gouter-en","8":"product_cat-home-en","10":"first","11":"instock","12":"sale","13":"shipping-taxable","14":"purchasable","15":"product-type-simple"},"_links":{"self":[{"href":"https:\/\/staging.laplanetedesenfants.com\/en\/wp-json\/wp\/v2\/product\/336224","targetHints":{"allow":["GET"]}}],"collection":[{"href":"https:\/\/staging.laplanetedesenfants.com\/en\/wp-json\/wp\/v2\/product"}],"about":[{"href":"https:\/\/staging.laplanetedesenfants.com\/en\/wp-json\/wp\/v2\/types\/product"}],"version-history":[{"count":0,"href":"https:\/\/staging.laplanetedesenfants.com\/en\/wp-json\/wp\/v2\/product\/336224\/revisions"}],"wp:featuredmedia":[{"embeddable":true,"href":"https:\/\/staging.laplanetedesenfants.com\/en\/wp-json\/wp\/v2\/media\/336220"}],"wp:attachment":[{"href":"https:\/\/staging.laplanetedesenfants.com\/en\/wp-json\/wp\/v2\/media?parent=336224"}],"wp:term":[{"taxonomy":"product_brand","embeddable":true,"href":"https:\/\/staging.laplanetedesenfants.com\/en\/wp-json\/wp\/v2\/product_brand?post=336224"},{"taxonomy":"product_cat","embeddable":true,"href":"https:\/\/staging.laplanetedesenfants.com\/en\/wp-json\/wp\/v2\/product_cat?post=336224"},{"taxonomy":"product_tag","embeddable":true,"href":"https:\/\/staging.laplanetedesenfants.com\/en\/wp-json\/wp\/v2\/product_tag?post=336224"}],"curies":[{"name":"wp","href":"https:\/\/api.w.org\/{rel}","templated":true}]}}