{"id":339875,"date":"2020-09-17T18:19:05","date_gmt":"2020-09-17T18:19:05","guid":{"rendered":"https:\/\/staging.laplanetedesenfants.com\/product\/cagoule-frozen-2-la-reine-des-neiges-2\/"},"modified":"2020-09-17T18:19:05","modified_gmt":"2020-09-17T18:19:05","slug":"cagoule-frozen-2-la-reine-des-neiges-2","status":"publish","type":"product","link":"https:\/\/staging.laplanetedesenfants.com\/en\/produit\/cagoule-frozen-2-la-reine-des-neiges-2\/","title":{"rendered":"Cagoule Frozen 2 &#8211; la reine des neiges"},"content":{"rendered":"<p>Cette cagoule Frozen 2 La reine des Neiges unie \u00e0 la finition c\u00f4te 2&#215;2 est ray\u00e9e au niveau du cou. On note que sur le cot\u00e9 de la cagoule l&#8217;image est cousue ce qui garantie une tenue parfaite tout au long de son utilisation. Taille unique. Mati\u00e8re: 100% acrylique. Entretien: Lavage \u00e0 40 \u00b0C.<\/p>\n","protected":false},"excerpt":{"rendered":"<p>Cette cagoule\u00a0Frozen 2 La reine des Neiges unie \u00e0 la finition c\u00f4te 2&#215;2 est ray\u00e9e au niveau du cou. On note que sur le cot\u00e9 de la cagoule l&#8217;image est brod\u00e9e ce qui garantie une tenue parfaite tout au long de son utilisation. Taille unique. Mati\u00e8re: 100% acrylique. Entretien: Lavage \u00e0 40 \u00b0C.<\/p>\n","protected":false},"featured_media":339847,"template":"","meta":[],"product_brand":[],"product_cat":[13487,13505,13649,13547,13532,13484,13541,13800,13502],"product_tag":[],"class_list":{"0":"post-339875","1":"product","2":"type-product","3":"status-publish","4":"has-post-thumbnail","6":"product_cat-accessoires-en","7":"product_cat-all-products-en","8":"product_cat-bonnets-cagoules-en","9":"product_cat-fall-winter-2023-en","10":"product_cat-girls-en","11":"product_cat-accueil-en","12":"product_cat-new-girls-collection-en","13":"product_cat-nouvelle-collection-fille-en","14":"product_cat-what-s-new-en","15":"pa_couleur-ciel-en","16":"pa_couleur-violet-en","17":"pa_genre-fille-en","19":"first","20":"instock","21":"sale","22":"shipping-taxable","23":"purchasable","24":"product-type-variable","25":"has-default-attributes"},"_links":{"self":[{"href":"https:\/\/staging.laplanetedesenfants.com\/en\/wp-json\/wp\/v2\/product\/339875","targetHints":{"allow":["GET"]}}],"collection":[{"href":"https:\/\/staging.laplanetedesenfants.com\/en\/wp-json\/wp\/v2\/product"}],"about":[{"href":"https:\/\/staging.laplanetedesenfants.com\/en\/wp-json\/wp\/v2\/types\/product"}],"version-history":[{"count":0,"href":"https:\/\/staging.laplanetedesenfants.com\/en\/wp-json\/wp\/v2\/product\/339875\/revisions"}],"wp:featuredmedia":[{"embeddable":true,"href":"https:\/\/staging.laplanetedesenfants.com\/en\/wp-json\/wp\/v2\/media\/339847"}],"wp:attachment":[{"href":"https:\/\/staging.laplanetedesenfants.com\/en\/wp-json\/wp\/v2\/media?parent=339875"}],"wp:term":[{"taxonomy":"product_brand","embeddable":true,"href":"https:\/\/staging.laplanetedesenfants.com\/en\/wp-json\/wp\/v2\/product_brand?post=339875"},{"taxonomy":"product_cat","embeddable":true,"href":"https:\/\/staging.laplanetedesenfants.com\/en\/wp-json\/wp\/v2\/product_cat?post=339875"},{"taxonomy":"product_tag","embeddable":true,"href":"https:\/\/staging.laplanetedesenfants.com\/en\/wp-json\/wp\/v2\/product_tag?post=339875"}],"curies":[{"name":"wp","href":"https:\/\/api.w.org\/{rel}","templated":true}]}}