{"id":351907,"date":"2021-04-09T16:38:07","date_gmt":"2021-04-09T16:38:07","guid":{"rendered":"https:\/\/staging.laplanetedesenfants.com\/product\/poncho-de-bain-bella-ciao-a-capuche\/"},"modified":"2021-04-09T16:38:07","modified_gmt":"2021-04-09T16:38:07","slug":"poncho-de-bain-bella-ciao-a-capuche","status":"publish","type":"product","link":"https:\/\/staging.laplanetedesenfants.com\/en\/produit\/poncho-de-bain-bella-ciao-a-capuche\/","title":{"rendered":"Poncho de bain Bella Ciao \u00e0 capuche"},"content":{"rendered":"<p>La Plan\u00e8te des Enfants vous propose ce\u00a0<span><strong>Poncho de Bain \u00e0 Capuche Bella Ciao\u00a0<\/strong><\/span>. Pratique \u00e0 enfiler, le\u00a0<span><strong>Poncho de Bain \u00e0 Capuche Bella Ciao\u00a0<\/strong><\/span>prot\u00e9gera votre enfant \u00e0 la sortie du bain ou \u00e0 la plage. Fabriqu\u00e9 en\u00a0100 %\u00a0 microfiber.\u00a0il est confortable et doux au touch\u00e9. Couleurs contrastantes. Entretien: lavage \u00e0 40 \u00b0C.<\/p>\n<p>Dimensions 55&#215;110 cm<\/p>\n","protected":false},"excerpt":{"rendered":"<p>La Plan\u00e8te des Enfants vous propose ce <span style=\"text-decoration:underline;\"><strong>Poncho de Bain \u00e0 Capuche Bella Ciao\u00a0<\/strong><\/span>. Pratique \u00e0 enfiler, le <span style=\"text-decoration:underline;\"><strong><span style=\"text-decoration:underline;\"><strong>Poncho de Bain \u00e0 Capuche\u00a0Bella Ciao\u00a0\u00a0<\/strong><\/span><\/strong><\/span>prot\u00e9gera votre enfant \u00e0 la sortie du bain ou \u00e0 la plage. Fabriqu\u00e9 en 100 % microfiber.\u00a0il est confortable et doux au touch\u00e9. Couleurs contrastantes. Entretien: lavage \u00e0 40 \u00b0C.<\/p>\n<p>Dimensions 55&#215;110 cm<\/p>\n","protected":false},"featured_media":351900,"template":"","meta":[],"product_brand":[],"product_cat":[13483],"product_tag":[],"class_list":{"0":"post-351907","1":"product","2":"type-product","3":"status-publish","4":"has-post-thumbnail","6":"product_cat-accueil","8":"first","9":"instock","10":"sale","11":"shipping-taxable","12":"purchasable","13":"product-type-simple"},"_links":{"self":[{"href":"https:\/\/staging.laplanetedesenfants.com\/en\/wp-json\/wp\/v2\/product\/351907","targetHints":{"allow":["GET"]}}],"collection":[{"href":"https:\/\/staging.laplanetedesenfants.com\/en\/wp-json\/wp\/v2\/product"}],"about":[{"href":"https:\/\/staging.laplanetedesenfants.com\/en\/wp-json\/wp\/v2\/types\/product"}],"version-history":[{"count":0,"href":"https:\/\/staging.laplanetedesenfants.com\/en\/wp-json\/wp\/v2\/product\/351907\/revisions"}],"wp:featuredmedia":[{"embeddable":true,"href":"https:\/\/staging.laplanetedesenfants.com\/en\/wp-json\/wp\/v2\/media\/351900"}],"wp:attachment":[{"href":"https:\/\/staging.laplanetedesenfants.com\/en\/wp-json\/wp\/v2\/media?parent=351907"}],"wp:term":[{"taxonomy":"product_brand","embeddable":true,"href":"https:\/\/staging.laplanetedesenfants.com\/en\/wp-json\/wp\/v2\/product_brand?post=351907"},{"taxonomy":"product_cat","embeddable":true,"href":"https:\/\/staging.laplanetedesenfants.com\/en\/wp-json\/wp\/v2\/product_cat?post=351907"},{"taxonomy":"product_tag","embeddable":true,"href":"https:\/\/staging.laplanetedesenfants.com\/en\/wp-json\/wp\/v2\/product_tag?post=351907"}],"curies":[{"name":"wp","href":"https:\/\/api.w.org\/{rel}","templated":true}]}}