{"id":356910,"date":"2021-04-24T20:26:05","date_gmt":"2021-04-24T20:26:05","guid":{"rendered":"https:\/\/staging.laplanetedesenfants.com\/product\/boite-lunch-frozen-et-une-gourde-de-400-ml-2\/"},"modified":"2021-04-24T20:26:05","modified_gmt":"2021-04-24T20:26:05","slug":"boite-lunch-frozen-et-une-gourde-de-400-ml-2","status":"publish","type":"product","link":"https:\/\/staging.laplanetedesenfants.com\/en\/produit\/boite-lunch-frozen-et-une-gourde-de-400-ml-2\/","title":{"rendered":"Bo\u00eete lunch Frozen et une gourde de 400 ml"},"content":{"rendered":"<h2>La Plan\u00e8te des Enfants vous propose cette<\/h2>\n<p>Bo\u00eete lunch Frozen et une gourde de 400 ml. Frozen<\/p>\n<p>Bo\u00eete \u00e0 go\u00fbter PVC + Gourde Frozen<\/p>\n<p>Compos\u00e9 d&#8217;une Bo\u00eete \u00e0 go\u00fbter\u00a0 La Reine Des Neiges en PVC et d&#8217;une gourde en aluminium de 400ml<\/p>\n<p>Dimension boite :\u00a016.5 x 14 x 6.5 cm.<\/p>\n<p>Cette\u00a0<strong>Bo\u00eete\u00a0<\/strong>est id\u00e9al pour emporter l&#8217;encas de votre enfant \u00e0 l&#8217;\u00e9cole comme au centre a\u00e9r\u00e9.<\/p>\n","protected":false},"excerpt":{"rendered":"<h2>La Plan\u00e8te des Enfants vous propose cette<\/h2>\n<p>Bo\u00eete \u00e0 go\u00fbter PVC + Gourde Frozen<\/p>\n<p>Compos\u00e9 d&#8217;une Bo\u00eete \u00e0 go\u00fbter\u00a0 La Reine Des Neiges en PVC et d&#8217;une gourde en aluminium de 400ml<\/p>\n<p>Dimension boite :\u00a016.5 x 14 x 6.5 cm.<\/p>\n<p>Cette <strong>Bo\u00eete\u00a0<\/strong>est id\u00e9al pour emporter l&#8217;encas de votre enfant \u00e0 l&#8217;\u00e9cole comme au centre a\u00e9r\u00e9.<\/p>\n","protected":false},"featured_media":356908,"template":"","meta":[],"product_brand":[],"product_cat":[13505,13658,13484,13490,13541,13508,13520,13502],"product_tag":[],"class_list":{"0":"post-356910","1":"product","2":"type-product","3":"status-publish","4":"has-post-thumbnail","6":"product_cat-all-products-en","7":"product_cat-gourdes-en","8":"product_cat-accueil-en","9":"product_cat-home-en","10":"product_cat-new-girls-collection-en","11":"product_cat-summer-en","13":"product_cat-what-s-new-en","14":"pa_genre-garcon-en","16":"first","17":"instock","18":"sale","19":"shipping-taxable","20":"purchasable","21":"product-type-simple"},"_links":{"self":[{"href":"https:\/\/staging.laplanetedesenfants.com\/en\/wp-json\/wp\/v2\/product\/356910","targetHints":{"allow":["GET"]}}],"collection":[{"href":"https:\/\/staging.laplanetedesenfants.com\/en\/wp-json\/wp\/v2\/product"}],"about":[{"href":"https:\/\/staging.laplanetedesenfants.com\/en\/wp-json\/wp\/v2\/types\/product"}],"version-history":[{"count":0,"href":"https:\/\/staging.laplanetedesenfants.com\/en\/wp-json\/wp\/v2\/product\/356910\/revisions"}],"wp:featuredmedia":[{"embeddable":true,"href":"https:\/\/staging.laplanetedesenfants.com\/en\/wp-json\/wp\/v2\/media\/356908"}],"wp:attachment":[{"href":"https:\/\/staging.laplanetedesenfants.com\/en\/wp-json\/wp\/v2\/media?parent=356910"}],"wp:term":[{"taxonomy":"product_brand","embeddable":true,"href":"https:\/\/staging.laplanetedesenfants.com\/en\/wp-json\/wp\/v2\/product_brand?post=356910"},{"taxonomy":"product_cat","embeddable":true,"href":"https:\/\/staging.laplanetedesenfants.com\/en\/wp-json\/wp\/v2\/product_cat?post=356910"},{"taxonomy":"product_tag","embeddable":true,"href":"https:\/\/staging.laplanetedesenfants.com\/en\/wp-json\/wp\/v2\/product_tag?post=356910"}],"curies":[{"name":"wp","href":"https:\/\/api.w.org\/{rel}","templated":true}]}}