{"id":364368,"date":"2021-09-30T18:58:43","date_gmt":"2021-09-30T18:58:43","guid":{"rendered":"https:\/\/staging.laplanetedesenfants.com\/product\/parapluie-baby-shark\/"},"modified":"2021-09-30T18:58:43","modified_gmt":"2021-09-30T18:58:43","slug":"parapluie-baby-shark","status":"publish","type":"product","link":"https:\/\/staging.laplanetedesenfants.com\/en\/produit\/parapluie-baby-shark\/","title":{"rendered":"Parapluie Baby Shark"},"content":{"rendered":"<p>Ce parapluie est con\u00e7u pour emp\u00eacher la flexion et la rotation pour une meilleure durabilit\u00e9. L&#8217;embout du parapluie est en m\u00e9tal et peut donc \u00eatre utilis\u00e9 pour soutenir un parapluie par temps venteux ou orageux. Le mat\u00e9riau de la toile est un polyester haute densit\u00e9, et il r\u00e9siste \u00e0 des temp\u00e9ratures \u00e9lev\u00e9es et \u00e0 une longue dur\u00e9e de vie. Avec des d\u00e9corations riches et vari\u00e9es, ce parapluie pliable imprim\u00e9 en dessin anim\u00e9 b\u00e9b\u00e9 requin rose et noir attirera l&#8217;attention des autres lorsque vous irez \u00e0 l&#8217;ext\u00e9rieur.<\/p>\n","protected":false},"excerpt":{"rendered":"<div class=\"feature\" id=\"title_feature_div\">\n<div class=\"a-section a-spacing-none\" id=\"titleSection\">\n<h4 class=\"a-size-large a-spacing-none\" id=\"title\">La plan\u00e8te des enfants vous propose ce Parapluie Baby Shark<\/h4>\n<\/p><\/div>\n<\/p><\/div>\n<div class=\"listingpdts-product__description\">\n<ul>\n<li>Diam\u00e8tre : 65 cm<\/li>\n<li>100% POE<\/li>\n<li>Structure m\u00e9tal et fibre de verre<\/li>\n<\/ul>\n<\/div>\n","protected":false},"featured_media":364359,"template":"","meta":[],"product_brand":[],"product_cat":[13487,13505,13484,13583],"product_tag":[],"class_list":{"0":"post-364368","1":"product","2":"type-product","3":"status-publish","4":"has-post-thumbnail","6":"product_cat-accessoires-en","7":"product_cat-all-products-en","8":"product_cat-accueil-en","9":"product_cat-parapluies-en","10":"pa_couleur-blue-en","11":"pa_couleur-ciel-en","12":"pa_genre-mixte-en","14":"first","15":"instock","16":"sale","17":"shipping-taxable","18":"purchasable","19":"product-type-variable","20":"has-default-attributes"},"_links":{"self":[{"href":"https:\/\/staging.laplanetedesenfants.com\/en\/wp-json\/wp\/v2\/product\/364368","targetHints":{"allow":["GET"]}}],"collection":[{"href":"https:\/\/staging.laplanetedesenfants.com\/en\/wp-json\/wp\/v2\/product"}],"about":[{"href":"https:\/\/staging.laplanetedesenfants.com\/en\/wp-json\/wp\/v2\/types\/product"}],"version-history":[{"count":0,"href":"https:\/\/staging.laplanetedesenfants.com\/en\/wp-json\/wp\/v2\/product\/364368\/revisions"}],"wp:featuredmedia":[{"embeddable":true,"href":"https:\/\/staging.laplanetedesenfants.com\/en\/wp-json\/wp\/v2\/media\/364359"}],"wp:attachment":[{"href":"https:\/\/staging.laplanetedesenfants.com\/en\/wp-json\/wp\/v2\/media?parent=364368"}],"wp:term":[{"taxonomy":"product_brand","embeddable":true,"href":"https:\/\/staging.laplanetedesenfants.com\/en\/wp-json\/wp\/v2\/product_brand?post=364368"},{"taxonomy":"product_cat","embeddable":true,"href":"https:\/\/staging.laplanetedesenfants.com\/en\/wp-json\/wp\/v2\/product_cat?post=364368"},{"taxonomy":"product_tag","embeddable":true,"href":"https:\/\/staging.laplanetedesenfants.com\/en\/wp-json\/wp\/v2\/product_tag?post=364368"}],"curies":[{"name":"wp","href":"https:\/\/api.w.org\/{rel}","templated":true}]}}