{"id":366828,"date":"2022-01-04T15:13:55","date_gmt":"2022-01-04T15:13:55","guid":{"rendered":"https:\/\/staging.laplanetedesenfants.com\/product\/ensemble-jogging-miraculous-ladybug\/"},"modified":"2022-01-04T15:13:55","modified_gmt":"2022-01-04T15:13:55","slug":"ensemble-jogging-miraculous-ladybug","status":"publish","type":"product","link":"https:\/\/staging.laplanetedesenfants.com\/en\/produit\/ensemble-jogging-miraculous-ladybug\/","title":{"rendered":"Ensemble Jogging Miraculous &#8211; LadYBug"},"content":{"rendered":"<p>Ensemble jogging Miraculous. Sweet zip\u00e9 de couleurs contrast\u00e9es, image de h\u00e9ros devant. Couleurs contrastantes et ray\u00e9es sur le col les poign\u00e9es et la taille. Finitions \u00e9lastiqu\u00e9es. Deux poches. Pour le jogging: Uni aux finitions de couleurs contrast\u00e9es et ray\u00e9es. Finitions \u00e9lastiqu\u00e9es. Int\u00e9rieur polaire. Mati\u00e8re: 100% polyester. Entretien: Lavage \u00e0 40 \u00b0C.<\/p>\n","protected":false},"excerpt":{"rendered":"<p>Ensemble jogging Miraculous. Sweet zip\u00e9 de couleurs contrast\u00e9es, image de h\u00e9ros devant. Couleurs contrastantes et ray\u00e9es sur le col les poign\u00e9es et la taille. Finitions \u00e9lastiqu\u00e9es. Deux poches. Pour le jogging: Uni aux finitions de couleurs contrast\u00e9es et ray\u00e9es. Finitions \u00e9lastiqu\u00e9es. Int\u00e9rieur polaire. Mati\u00e8re: 100% polyester. Entretien: Lavage \u00e0 40 \u00b0C.<\/p>\n","protected":false},"featured_media":366789,"template":"","meta":[],"product_brand":[],"product_cat":[13505,13532,13484,13743,13541,13800,13502],"product_tag":[13456,18168,14584,16212],"class_list":{"0":"post-366828","1":"product","2":"type-product","3":"status-publish","4":"has-post-thumbnail","6":"product_cat-all-products-en","7":"product_cat-girls-en","8":"product_cat-accueil-en","9":"product_cat-joggings-en","10":"product_cat-new-girls-collection-en","11":"product_cat-nouvelle-collection-fille-en","12":"product_cat-what-s-new-en","13":"product_tag-ensemble","14":"product_tag-ensemble-jogging-miraculous-la","15":"product_tag-jogging","16":"product_tag-miraculous","17":"pa_couleur-fuchsia-en","18":"pa_couleur-red-en","19":"pa_genre-fille-en","20":"pa_taille-3ans_98cm","21":"pa_taille-4ans_104cm","22":"pa_taille-5ans_110cm","23":"pa_taille-6ans_116cm","24":"pa_taille-7ans_122cm","25":"pa_taille-8ans_128cm","27":"first","28":"instock","29":"sale","30":"shipping-taxable","31":"purchasable","32":"product-type-variable","33":"has-default-attributes"},"_links":{"self":[{"href":"https:\/\/staging.laplanetedesenfants.com\/en\/wp-json\/wp\/v2\/product\/366828","targetHints":{"allow":["GET"]}}],"collection":[{"href":"https:\/\/staging.laplanetedesenfants.com\/en\/wp-json\/wp\/v2\/product"}],"about":[{"href":"https:\/\/staging.laplanetedesenfants.com\/en\/wp-json\/wp\/v2\/types\/product"}],"version-history":[{"count":0,"href":"https:\/\/staging.laplanetedesenfants.com\/en\/wp-json\/wp\/v2\/product\/366828\/revisions"}],"wp:featuredmedia":[{"embeddable":true,"href":"https:\/\/staging.laplanetedesenfants.com\/en\/wp-json\/wp\/v2\/media\/366789"}],"wp:attachment":[{"href":"https:\/\/staging.laplanetedesenfants.com\/en\/wp-json\/wp\/v2\/media?parent=366828"}],"wp:term":[{"taxonomy":"product_brand","embeddable":true,"href":"https:\/\/staging.laplanetedesenfants.com\/en\/wp-json\/wp\/v2\/product_brand?post=366828"},{"taxonomy":"product_cat","embeddable":true,"href":"https:\/\/staging.laplanetedesenfants.com\/en\/wp-json\/wp\/v2\/product_cat?post=366828"},{"taxonomy":"product_tag","embeddable":true,"href":"https:\/\/staging.laplanetedesenfants.com\/en\/wp-json\/wp\/v2\/product_tag?post=366828"}],"curies":[{"name":"wp","href":"https:\/\/api.w.org\/{rel}","templated":true}]}}